{"id":347,"date":"2024-10-24T09:20:19","date_gmt":"2024-10-24T09:20:19","guid":{"rendered":"https:\/\/scl-traffic-transform.de\/?page_id=347"},"modified":"2024-10-27T17:51:58","modified_gmt":"2024-10-27T17:51:58","slug":"scl-in-japan","status":"publish","type":"page","link":"https:\/\/scl-traffic-transform.de\/en\/scl-in-japan\/","title":{"rendered":"SCL in Japan"},"content":{"rendered":"<div class=\"wp-block-cover alignfull is-light\"><span aria-hidden=\"true\" class=\"wp-block-cover__background has-background-dim\" style=\"background-color:#858674\"><\/span><img loading=\"lazy\" decoding=\"async\" width=\"840\" height=\"473\" class=\"wp-block-cover__image-background wp-image-348\" alt=\"\" src=\"https:\/\/scl-traffic-transform.de\/wp-content\/uploads\/2024\/10\/69abab08-3b20-463a-b235-897ff16d006f.avif\" data-object-fit=\"cover\"\/><div class=\"wp-block-cover__inner-container is-layout-constrained wp-block-cover-is-layout-constrained\">\n<h2 class=\"wp-block-heading has-text-align-center\" style=\"font-size:clamp(49.382px, 3.086rem + ((1vw - 3.2px) * 5.929), 98px);\">SCL in Japan<\/h2>\n<\/div><\/div>\n\n\n\n<p>\u00a0The name \"SCL\" does not exist in Japan, as it is not Japanese; however, since the transport system is similar to ours, we have named it that.<\/p>\n\n\n\n<p>As reported in the S\u00fcddeutsche Zeitung on July 2, 2024 (Am laufenden Band), plans are underway to build this or a similar system from Osaka to Tokyo (500km).<\/p>\n\n\n\n<p>I don't know for sure, but they probably read my book \"The Moving Traffic Jam\".<\/p>\n\n\n\n<figure class=\"wp-block-image size-large animated backInLeft\"><img loading=\"lazy\" decoding=\"async\" width=\"1024\" height=\"711\" src=\"https:\/\/scl-traffic-transform.de\/wp-content\/uploads\/2024\/10\/Screenshot-2024-10-24-111604-1024x711.png\" alt=\"\" class=\"wp-image-349\" srcset=\"https:\/\/scl-traffic-transform.de\/wp-content\/uploads\/2024\/10\/Screenshot-2024-10-24-111604-1024x711.png 1024w, https:\/\/scl-traffic-transform.de\/wp-content\/uploads\/2024\/10\/Screenshot-2024-10-24-111604-300x208.png 300w, https:\/\/scl-traffic-transform.de\/wp-content\/uploads\/2024\/10\/Screenshot-2024-10-24-111604-768x533.png 768w, https:\/\/scl-traffic-transform.de\/wp-content\/uploads\/2024\/10\/Screenshot-2024-10-24-111604.png 1233w\" sizes=\"auto, (max-width: 1024px) 100vw, 1024px\" \/><\/figure>\n\n\n\n<p><a href=\"https:\/\/www.sueddeutsche.de\/kultur\/japan-fliessband-pakete-logistik-lux.6XT47KcfGZjoMexypzhcyG?reduced=true\">https:\/\/www.sueddeutsche.de\/kultur\/japan-fliessband-pakete-logistik-lux.6XT47KcfGZjoMexypzhcyG?reduced=true<\/a><\/p>\n\n\n\n<p><a href=\"https:\/\/www.ingenieur.de\/technik\/fachbereiche\/logistik\/500-kilometer-langes-foerderband-soll-pakete-in-japan-effizienter-transportieren\">https:\/\/www.ingenieur.de\/technik\/fachbereiche\/logistik\/500-kilometer-langes-foerderband-soll-pakete-in-japan-effizienter-transportieren<\/a><\/p>","protected":false},"excerpt":{"rendered":"<p>\u00a0Der Name \u201eSCL\u201c ist in Japan nicht existent, da nicht japanisch, da das Verkehrssystem dem unsrigen gleicht haben wir es so bezeichnet. Wie am 2.7.2024 in der S\u00fcddeutschen Zeitung zu lesen war,(Am laufende Band) plant man dort dieses oder ein \u00e4hnliches System von Osaka nach Tokio (500km) zu bauen. Ich wei\u00df es nicht, aber wahrscheinlich [&hellip;]<\/p>\n","protected":false},"author":1,"featured_media":0,"parent":0,"menu_order":0,"comment_status":"closed","ping_status":"closed","template":"","meta":{"_themeisle_gutenberg_block_has_review":false,"footnotes":""},"class_list":["post-347","page","type-page","status-publish","hentry"],"yoast_head":"<!-- This site is optimized with the Yoast SEO plugin v27.4 - https:\/\/yoast.com\/product\/yoast-seo-wordpress\/ -->\n<title>SCL in Japan - SCL - Traffic Transform<\/title>\n<meta name=\"robots\" content=\"index, follow, max-snippet:-1, max-image-preview:large, max-video-preview:-1\" \/>\n<link rel=\"canonical\" href=\"https:\/\/scl-traffic-transform.de\/en\/scl-in-japan\/\" \/>\n<meta property=\"og:locale\" content=\"en_GB\" \/>\n<meta property=\"og:type\" content=\"article\" \/>\n<meta property=\"og:title\" content=\"SCL in Japan - SCL - Traffic Transform\" \/>\n<meta property=\"og:description\" content=\"\u00a0Der Name \u201eSCL\u201c ist in Japan nicht existent, da nicht japanisch, da das Verkehrssystem dem unsrigen gleicht haben wir es so bezeichnet. Wie am 2.7.2024 in der S\u00fcddeutschen Zeitung zu lesen war,(Am laufende Band) plant man dort dieses oder ein \u00e4hnliches System von Osaka nach Tokio (500km) zu bauen. Ich wei\u00df es nicht, aber wahrscheinlich [&hellip;]\" \/>\n<meta property=\"og:url\" content=\"https:\/\/scl-traffic-transform.de\/en\/scl-in-japan\/\" \/>\n<meta property=\"og:site_name\" content=\"SCL - Traffic Transform\" \/>\n<meta property=\"article:modified_time\" content=\"2024-10-27T17:51:58+00:00\" \/>\n<meta name=\"twitter:card\" content=\"summary_large_image\" \/>\n<meta name=\"twitter:label1\" content=\"Estimated reading time\" \/>\n\t<meta name=\"twitter:data1\" content=\"1 minute\" \/>\n<script type=\"application\/ld+json\" class=\"yoast-schema-graph\">{\"@context\":\"https:\\\/\\\/schema.org\",\"@graph\":[{\"@type\":\"WebPage\",\"@id\":\"https:\\\/\\\/scl-traffic-transform.de\\\/scl-in-japan\\\/\",\"url\":\"https:\\\/\\\/scl-traffic-transform.de\\\/scl-in-japan\\\/\",\"name\":\"SCL in Japan - SCL - Traffic Transform\",\"isPartOf\":{\"@id\":\"https:\\\/\\\/scl-traffic-transform.de\\\/#website\"},\"primaryImageOfPage\":{\"@id\":\"https:\\\/\\\/scl-traffic-transform.de\\\/scl-in-japan\\\/#primaryimage\"},\"image\":{\"@id\":\"https:\\\/\\\/scl-traffic-transform.de\\\/scl-in-japan\\\/#primaryimage\"},\"thumbnailUrl\":\"https:\\\/\\\/scl-traffic-transform.de\\\/wp-content\\\/uploads\\\/2024\\\/10\\\/69abab08-3b20-463a-b235-897ff16d006f.avif\",\"datePublished\":\"2024-10-24T09:20:19+00:00\",\"dateModified\":\"2024-10-27T17:51:58+00:00\",\"breadcrumb\":{\"@id\":\"https:\\\/\\\/scl-traffic-transform.de\\\/scl-in-japan\\\/#breadcrumb\"},\"inLanguage\":\"en-GB\",\"potentialAction\":[{\"@type\":\"ReadAction\",\"target\":[\"https:\\\/\\\/scl-traffic-transform.de\\\/scl-in-japan\\\/\"]}]},{\"@type\":\"ImageObject\",\"inLanguage\":\"en-GB\",\"@id\":\"https:\\\/\\\/scl-traffic-transform.de\\\/scl-in-japan\\\/#primaryimage\",\"url\":\"https:\\\/\\\/scl-traffic-transform.de\\\/wp-content\\\/uploads\\\/2024\\\/10\\\/69abab08-3b20-463a-b235-897ff16d006f.avif\",\"contentUrl\":\"https:\\\/\\\/scl-traffic-transform.de\\\/wp-content\\\/uploads\\\/2024\\\/10\\\/69abab08-3b20-463a-b235-897ff16d006f.avif\"},{\"@type\":\"BreadcrumbList\",\"@id\":\"https:\\\/\\\/scl-traffic-transform.de\\\/scl-in-japan\\\/#breadcrumb\",\"itemListElement\":[{\"@type\":\"ListItem\",\"position\":1,\"name\":\"Startseite\",\"item\":\"https:\\\/\\\/scl-traffic-transform.de\\\/\"},{\"@type\":\"ListItem\",\"position\":2,\"name\":\"SCL in Japan\"}]},{\"@type\":\"WebSite\",\"@id\":\"https:\\\/\\\/scl-traffic-transform.de\\\/#website\",\"url\":\"https:\\\/\\\/scl-traffic-transform.de\\\/\",\"name\":\"SCL - Traffic Transform\",\"description\":\"Neues nachhaltiges Verkehrssystem\",\"publisher\":{\"@id\":\"https:\\\/\\\/scl-traffic-transform.de\\\/#organization\"},\"potentialAction\":[{\"@type\":\"SearchAction\",\"target\":{\"@type\":\"EntryPoint\",\"urlTemplate\":\"https:\\\/\\\/scl-traffic-transform.de\\\/?s={search_term_string}\"},\"query-input\":{\"@type\":\"PropertyValueSpecification\",\"valueRequired\":true,\"valueName\":\"search_term_string\"}}],\"inLanguage\":\"en-GB\"},{\"@type\":\"Organization\",\"@id\":\"https:\\\/\\\/scl-traffic-transform.de\\\/#organization\",\"name\":\"SCL - Traffic Transform\",\"url\":\"https:\\\/\\\/scl-traffic-transform.de\\\/\",\"logo\":{\"@type\":\"ImageObject\",\"inLanguage\":\"en-GB\",\"@id\":\"https:\\\/\\\/scl-traffic-transform.de\\\/#\\\/schema\\\/logo\\\/image\\\/\",\"url\":\"https:\\\/\\\/scl-traffic-transform.de\\\/wp-content\\\/uploads\\\/2024\\\/05\\\/test6.png\",\"contentUrl\":\"https:\\\/\\\/scl-traffic-transform.de\\\/wp-content\\\/uploads\\\/2024\\\/05\\\/test6.png\",\"width\":1296,\"height\":877,\"caption\":\"SCL - Traffic Transform\"},\"image\":{\"@id\":\"https:\\\/\\\/scl-traffic-transform.de\\\/#\\\/schema\\\/logo\\\/image\\\/\"}}]}<\/script>\n<!-- \/ Yoast SEO plugin. -->","yoast_head_json":{"title":"SCL in Japan - SCL - Traffic Transform","robots":{"index":"index","follow":"follow","max-snippet":"max-snippet:-1","max-image-preview":"max-image-preview:large","max-video-preview":"max-video-preview:-1"},"canonical":"https:\/\/scl-traffic-transform.de\/en\/scl-in-japan\/","og_locale":"en_GB","og_type":"article","og_title":"SCL in Japan - SCL - Traffic Transform","og_description":"\u00a0Der Name \u201eSCL\u201c ist in Japan nicht existent, da nicht japanisch, da das Verkehrssystem dem unsrigen gleicht haben wir es so bezeichnet. Wie am 2.7.2024 in der S\u00fcddeutschen Zeitung zu lesen war,(Am laufende Band) plant man dort dieses oder ein \u00e4hnliches System von Osaka nach Tokio (500km) zu bauen. Ich wei\u00df es nicht, aber wahrscheinlich [&hellip;]","og_url":"https:\/\/scl-traffic-transform.de\/en\/scl-in-japan\/","og_site_name":"SCL - Traffic Transform","article_modified_time":"2024-10-27T17:51:58+00:00","twitter_card":"summary_large_image","twitter_misc":{"Estimated reading time":"1 minute"},"schema":{"@context":"https:\/\/schema.org","@graph":[{"@type":"WebPage","@id":"https:\/\/scl-traffic-transform.de\/scl-in-japan\/","url":"https:\/\/scl-traffic-transform.de\/scl-in-japan\/","name":"SCL in Japan - SCL - Traffic Transform","isPartOf":{"@id":"https:\/\/scl-traffic-transform.de\/#website"},"primaryImageOfPage":{"@id":"https:\/\/scl-traffic-transform.de\/scl-in-japan\/#primaryimage"},"image":{"@id":"https:\/\/scl-traffic-transform.de\/scl-in-japan\/#primaryimage"},"thumbnailUrl":"https:\/\/scl-traffic-transform.de\/wp-content\/uploads\/2024\/10\/69abab08-3b20-463a-b235-897ff16d006f.avif","datePublished":"2024-10-24T09:20:19+00:00","dateModified":"2024-10-27T17:51:58+00:00","breadcrumb":{"@id":"https:\/\/scl-traffic-transform.de\/scl-in-japan\/#breadcrumb"},"inLanguage":"en-GB","potentialAction":[{"@type":"ReadAction","target":["https:\/\/scl-traffic-transform.de\/scl-in-japan\/"]}]},{"@type":"ImageObject","inLanguage":"en-GB","@id":"https:\/\/scl-traffic-transform.de\/scl-in-japan\/#primaryimage","url":"https:\/\/scl-traffic-transform.de\/wp-content\/uploads\/2024\/10\/69abab08-3b20-463a-b235-897ff16d006f.avif","contentUrl":"https:\/\/scl-traffic-transform.de\/wp-content\/uploads\/2024\/10\/69abab08-3b20-463a-b235-897ff16d006f.avif"},{"@type":"BreadcrumbList","@id":"https:\/\/scl-traffic-transform.de\/scl-in-japan\/#breadcrumb","itemListElement":[{"@type":"ListItem","position":1,"name":"Startseite","item":"https:\/\/scl-traffic-transform.de\/"},{"@type":"ListItem","position":2,"name":"SCL in Japan"}]},{"@type":"WebSite","@id":"https:\/\/scl-traffic-transform.de\/#website","url":"https:\/\/scl-traffic-transform.de\/","name":"SCL - Traffic Transform","description":"Neues nachhaltiges Verkehrssystem","publisher":{"@id":"https:\/\/scl-traffic-transform.de\/#organization"},"potentialAction":[{"@type":"SearchAction","target":{"@type":"EntryPoint","urlTemplate":"https:\/\/scl-traffic-transform.de\/?s={search_term_string}"},"query-input":{"@type":"PropertyValueSpecification","valueRequired":true,"valueName":"search_term_string"}}],"inLanguage":"en-GB"},{"@type":"Organization","@id":"https:\/\/scl-traffic-transform.de\/#organization","name":"SCL - Traffic Transform","url":"https:\/\/scl-traffic-transform.de\/","logo":{"@type":"ImageObject","inLanguage":"en-GB","@id":"https:\/\/scl-traffic-transform.de\/#\/schema\/logo\/image\/","url":"https:\/\/scl-traffic-transform.de\/wp-content\/uploads\/2024\/05\/test6.png","contentUrl":"https:\/\/scl-traffic-transform.de\/wp-content\/uploads\/2024\/05\/test6.png","width":1296,"height":877,"caption":"SCL - Traffic Transform"},"image":{"@id":"https:\/\/scl-traffic-transform.de\/#\/schema\/logo\/image\/"}}]}},"_links":{"self":[{"href":"https:\/\/scl-traffic-transform.de\/en\/wp-json\/wp\/v2\/pages\/347","targetHints":{"allow":["GET"]}}],"collection":[{"href":"https:\/\/scl-traffic-transform.de\/en\/wp-json\/wp\/v2\/pages"}],"about":[{"href":"https:\/\/scl-traffic-transform.de\/en\/wp-json\/wp\/v2\/types\/page"}],"author":[{"embeddable":true,"href":"https:\/\/scl-traffic-transform.de\/en\/wp-json\/wp\/v2\/users\/1"}],"replies":[{"embeddable":true,"href":"https:\/\/scl-traffic-transform.de\/en\/wp-json\/wp\/v2\/comments?post=347"}],"version-history":[{"count":7,"href":"https:\/\/scl-traffic-transform.de\/en\/wp-json\/wp\/v2\/pages\/347\/revisions"}],"predecessor-version":[{"id":381,"href":"https:\/\/scl-traffic-transform.de\/en\/wp-json\/wp\/v2\/pages\/347\/revisions\/381"}],"wp:attachment":[{"href":"https:\/\/scl-traffic-transform.de\/en\/wp-json\/wp\/v2\/media?parent=347"}],"curies":[{"name":"wp","href":"https:\/\/api.w.org\/{rel}","templated":true}]}}