{"id":323,"date":"2024-10-24T08:52:22","date_gmt":"2024-10-24T08:52:22","guid":{"rendered":"https:\/\/scl-traffic-transform.de\/?page_id=323"},"modified":"2025-02-07T09:03:56","modified_gmt":"2025-02-07T09:03:56","slug":"323-2","status":"publish","type":"page","link":"https:\/\/scl-traffic-transform.de\/en\/323-2\/","title":{"rendered":"Bahn"},"content":{"rendered":"<div class=\"wp-block-cover alignfull\"><span aria-hidden=\"true\" class=\"wp-block-cover__background has-background-dim\" style=\"background-color:#342f24\"><\/span><img loading=\"lazy\" decoding=\"async\" width=\"1280\" height=\"848\" class=\"wp-block-cover__image-background wp-image-324\" alt=\"\" src=\"https:\/\/scl-traffic-transform.de\/wp-content\/uploads\/2024\/10\/railway-station-1363771_1280.jpg\" data-object-fit=\"cover\" srcset=\"https:\/\/scl-traffic-transform.de\/wp-content\/uploads\/2024\/10\/railway-station-1363771_1280.jpg 1280w, https:\/\/scl-traffic-transform.de\/wp-content\/uploads\/2024\/10\/railway-station-1363771_1280-300x199.jpg 300w, https:\/\/scl-traffic-transform.de\/wp-content\/uploads\/2024\/10\/railway-station-1363771_1280-1024x678.jpg 1024w, https:\/\/scl-traffic-transform.de\/wp-content\/uploads\/2024\/10\/railway-station-1363771_1280-768x509.jpg 768w\" sizes=\"auto, (max-width: 1280px) 100vw, 1280px\" \/><div class=\"wp-block-cover__inner-container is-layout-constrained wp-block-cover-is-layout-constrained\">\n<h2 class=\"wp-block-heading has-text-align-center\" style=\"font-size:clamp(40.387px, 2.524rem + ((1vw - 3.2px) * 4.343), 76px);\">Connection with the railway<\/h2>\n<\/div><\/div>\n\n\n\n<p class=\"animated fadeIn\">Our beloved railway is completely overloaded. It will never be able to meet our demands, even after the long-overdue repairs. Impossible, let's admit it. We need a new transportation system that relieves the burden on both the railway and the motorway while still connecting them. This system is \"SCL.\" We no longer need to destroy the landscape; we utilize the motorway route, where environmental damage was caused in the past, and connect rail and road with \"SCL.\" Passenger transport, just as we know it today in passenger carriages, will take place on \"SCL.\"<\/p>\n\n\n\n<div style=\"height:55px\" aria-hidden=\"true\" class=\"wp-block-spacer\"><\/div>\n\n\n\n<div class=\"wp-block-group animated fadeInLeftBig is-layout-constrained wp-block-group-is-layout-constrained\">\n<div class=\"wp-block-columns is-layout-flex wp-container-core-columns-is-layout-28f84493 wp-block-columns-is-layout-flex\">\n<div class=\"wp-block-column is-layout-flow wp-block-column-is-layout-flow\" style=\"flex-basis:66%\">\n<p class=\"has-ti-accent-background-color has-background\">Example: At Hamburg's train station, or at another conveniently located point, a passenger car is ready for departure. Just like a regular train car, as soon as it's full, it departs without a timetable, simply because it's full - what's there to wait for? Its destination is Munich. It's integrated into the \"SCL\" system and travels directly to Munich without stopping. This saves it approximately nine stops that the \"ICE\" (Intercity Express) has to make. As a result, \"SCL\" achieves a time saving of about 90 minutes. One could say that \"SCL\" is just as fast, or even faster, depending on the speed setting in Munich, than the \"ICE,\" even though \"SCL\" isn't traveling at 250 km\/h. This process will eventually take place throughout the entire country, with hundreds\/thousands of passenger cars traveling crisscrossing from north to south and east to west, thus relieving pressure on both rail and road networks.<\/p>\n<\/div>\n\n\n\n<div class=\"wp-block-column is-layout-flow wp-block-column-is-layout-flow\" style=\"flex-basis:33.33%\">\n<figure class=\"wp-block-image size-large\"><img loading=\"lazy\" decoding=\"async\" width=\"410\" height=\"1024\" src=\"https:\/\/scl-traffic-transform.de\/wp-content\/uploads\/2024\/10\/Design-ohne-Titel-4-410x1024.png\" alt=\"\" class=\"wp-image-332\" srcset=\"https:\/\/scl-traffic-transform.de\/wp-content\/uploads\/2024\/10\/Design-ohne-Titel-4-410x1024.png 410w, https:\/\/scl-traffic-transform.de\/wp-content\/uploads\/2024\/10\/Design-ohne-Titel-4-120x300.png 120w, https:\/\/scl-traffic-transform.de\/wp-content\/uploads\/2024\/10\/Design-ohne-Titel-4.png 600w\" sizes=\"auto, (max-width: 410px) 100vw, 410px\" \/><\/figure>\n<\/div>\n<\/div>\n<\/div>\n\n\n\n<div style=\"height:60px\" aria-hidden=\"true\" class=\"wp-block-spacer\"><\/div>\n\n\n\n<div class=\"wp-block-cover is-light has-parallax is-repeated wp-duotone-var--nv-text-color202020-rgb128128128-1\" style=\"margin-top:0;padding-top:48px;padding-right:48px;padding-bottom:48px;padding-left:48px;min-height:66vh;aspect-ratio:unset;\"><span aria-hidden=\"true\" class=\"wp-block-cover__background has-background-dim-30 has-background-dim\" style=\"background-color:#967e6f\"><\/span><div class=\"wp-block-cover__image-background wp-image-366 has-parallax is-repeated\" style=\"background-position:50% 50%;background-image:url(https:\/\/scl-traffic-transform.de\/wp-content\/uploads\/2024\/10\/transport-system-3058872_1920-1.jpg)\"><\/div><div class=\"wp-block-cover__inner-container is-layout-flow wp-block-cover-is-layout-flow\">\n<div class=\"wp-block-group is-content-justification-left is-layout-constrained wp-container-core-group-is-layout-0b562c1c wp-block-group-is-layout-constrained\">\n<h2 class=\"wp-block-heading has-text-align-left has-ti-accent-color has-text-color\" style=\"font-size:clamp(29.303px, 1.831rem + ((1vw - 3.2px) * 2.646), 51px);font-style:normal;font-weight:700;letter-spacing:0px;line-height:1;text-transform:uppercase\"><strong>ENERGY CONSUMPTION: UNTIL NOW, THE RULE WAS: THE TRAIN IS THE MOST ENVIRONMENTALLY FRIENDLY MEANS OF TRANSPORT!&nbsp;&nbsp;&nbsp;&nbsp;<\/strong><\/h2>\n\n\n\n<h2 class=\"wp-block-heading has-text-align-left has-ti-accent-color has-text-color\" style=\"font-size:clamp(29.303px, 1.831rem + ((1vw - 3.2px) * 2.646), 51px);font-style:normal;font-weight:700;letter-spacing:0px;line-height:1;text-transform:uppercase\">THAT'S NO LONGER THE CASE!&nbsp;<\/h2>\n<\/div>\n<\/div><\/div>\n\n\n\n<div style=\"height:43px\" aria-hidden=\"true\" class=\"wp-block-spacer\"><\/div>\n\n\n\n<div class=\"wp-block-group animated fadeInRight is-layout-constrained wp-block-group-is-layout-constrained\">\n<p>SCL uses green-electricity, a large part of which is produced passively by the system itself. <\/p>\n\n\n\n<p><\/p>\n\n\n\n<p>\"SCL\" is moving<strong><u> emission-free.<\/u><\/strong> The railway is only about 62% electrified; the remaining routes is served by diesel.<strong>.&nbsp;&nbsp;&nbsp;&nbsp;&nbsp;&nbsp;&nbsp;&nbsp;&nbsp;&nbsp;&nbsp;&nbsp;<\/strong><\/p>\n\n\n\n<p><strong>&nbsp;&nbsp;&nbsp;&nbsp;&nbsp;&nbsp;&nbsp;&nbsp;&nbsp;&nbsp;&nbsp;&nbsp;&nbsp;&nbsp;&nbsp;&nbsp;&nbsp;&nbsp;&nbsp;&nbsp;&nbsp;<\/strong><\/p>\n\n\n\n<p class=\"has-ti-accent-background-color has-background has-large-font-size\"><strong>Weight comparison:&nbsp;&nbsp;&nbsp;&nbsp;&nbsp;&nbsp;<\/strong><\/p>\n\n\n\n<p class=\"has-ti-accent-background-color has-background has-large-font-size\"><strong><u>Average freight train:<\/u><\/strong><\/p>\n\n\n\n<p class=\"has-text-align-center has-ti-accent-background-color has-background has-large-font-size\"><strong><u>1 locomotive + 30 freight wagons, approx. 400m long, without freight.<\/u><\/strong><\/p>\n\n\n\n<p class=\"has-ti-accent-background-color has-background has-large-font-size\">Locomotive approx. 100 t. 1 freight wagon approx. 15 t = <\/p>\n\n\n\n<p class=\"has-ti-accent-background-color has-background has-large-font-size\">Locomotive 100t + 30 freight cars 450t = 550t empty weight<\/p>\n\n\n\n<p class=\"has-text-align-center has-ti-accent-background-color has-background has-large-font-size\">\"SCL\" 10m tape approx. 1 t = 400m tape = 40 t empty weight<\/p>\n\n\n\n<div style=\"height:37px\" aria-hidden=\"true\" class=\"wp-block-spacer\"><\/div>\n\n\n\n<p>The driving mechanism is located underground beneath the conveyor belt and does not need to be transported.<\/p>\n\n\n\n<p>The weight and energy savings of \"SCL\" are significant, exceeding 90%, and all of this is CO2-free.<\/p>\n\n\n\n<div style=\"height:51px\" aria-hidden=\"true\" class=\"wp-block-spacer\"><\/div>\n\n\n\n<blockquote class=\"wp-block-quote has-text-align-center is-style-large is-layout-flow wp-block-quote-is-layout-flow\">\n<p><strong><em>\u201cSCL\u201d saves many million tons of CO2 <\/em><\/strong><\/p>\n<\/blockquote>\n\n\n\n<hr class=\"wp-block-separator has-css-opacity is-style-default\"\/>\n\n\n\n<hr class=\"wp-block-separator has-css-opacity is-style-default\"\/>\n<\/div>\n\n\n\n<p>Emissions that don't need to be industrially removed, wherever they might go; the more kilometers of track are developed, the greater the CO2 savings, because more and more freight and cars are traveling on \"SCL\". Ideally, crisscrossing all of Europe.<\/p>","protected":false},"excerpt":{"rendered":"<p>Unsere Bahn, die wir lieben, ist total \u00fcberlastet. Sie wird niemals unsere Anforderungen, auch nach den \u00fcberf\u00e4lligen Reparaturarbeiten erf\u00fcllen k\u00f6nnen. Unm\u00f6glich, gestehen wir uns das ein. Wir brauchen ein neues Verkehrssystem, das die Schiene&nbsp;und die Autobahn entlastet und trotzdem vernetzt. Dieses System ist \u201eSCL\u201c. Wir m\u00fcssen nicht weiter Landschaft zerst\u00f6ren, wir nutzen die Trasse der [&hellip;]<\/p>\n","protected":false},"author":1,"featured_media":0,"parent":0,"menu_order":0,"comment_status":"closed","ping_status":"closed","template":"","meta":{"_themeisle_gutenberg_block_has_review":false,"footnotes":""},"class_list":["post-323","page","type-page","status-publish","hentry"],"yoast_head":"<!-- This site is optimized with the Yoast SEO plugin v27.4 - https:\/\/yoast.com\/product\/yoast-seo-wordpress\/ -->\n<title>Bahn - SCL - Traffic Transform<\/title>\n<meta name=\"robots\" content=\"index, follow, max-snippet:-1, max-image-preview:large, max-video-preview:-1\" \/>\n<link rel=\"canonical\" href=\"https:\/\/scl-traffic-transform.de\/en\/323-2\/\" \/>\n<meta property=\"og:locale\" content=\"en_GB\" \/>\n<meta property=\"og:type\" content=\"article\" \/>\n<meta property=\"og:title\" content=\"Bahn - SCL - Traffic Transform\" \/>\n<meta property=\"og:description\" content=\"Unsere Bahn, die wir lieben, ist total \u00fcberlastet. Sie wird niemals unsere Anforderungen, auch nach den \u00fcberf\u00e4lligen Reparaturarbeiten erf\u00fcllen k\u00f6nnen. Unm\u00f6glich, gestehen wir uns das ein. Wir brauchen ein neues Verkehrssystem, das die Schiene&nbsp;und die Autobahn entlastet und trotzdem vernetzt. Dieses System ist \u201eSCL\u201c. Wir m\u00fcssen nicht weiter Landschaft zerst\u00f6ren, wir nutzen die Trasse der [&hellip;]\" \/>\n<meta property=\"og:url\" content=\"https:\/\/scl-traffic-transform.de\/en\/323-2\/\" \/>\n<meta property=\"og:site_name\" content=\"SCL - Traffic Transform\" \/>\n<meta property=\"article:modified_time\" content=\"2025-02-07T09:03:56+00:00\" \/>\n<meta property=\"og:image\" content=\"https:\/\/scl-traffic-transform.de\/wp-content\/uploads\/2024\/10\/railway-station-1363771_1280.jpg\" \/>\n\t<meta property=\"og:image:width\" content=\"1280\" \/>\n\t<meta property=\"og:image:height\" content=\"848\" \/>\n\t<meta property=\"og:image:type\" content=\"image\/jpeg\" \/>\n<meta name=\"twitter:card\" content=\"summary_large_image\" \/>\n<meta name=\"twitter:label1\" content=\"Estimated reading time\" \/>\n\t<meta name=\"twitter:data1\" content=\"3 minutes\" \/>\n<script type=\"application\/ld+json\" class=\"yoast-schema-graph\">{\"@context\":\"https:\\\/\\\/schema.org\",\"@graph\":[{\"@type\":\"WebPage\",\"@id\":\"https:\\\/\\\/scl-traffic-transform.de\\\/323-2\\\/\",\"url\":\"https:\\\/\\\/scl-traffic-transform.de\\\/323-2\\\/\",\"name\":\"Bahn - SCL - Traffic Transform\",\"isPartOf\":{\"@id\":\"https:\\\/\\\/scl-traffic-transform.de\\\/#website\"},\"primaryImageOfPage\":{\"@id\":\"https:\\\/\\\/scl-traffic-transform.de\\\/323-2\\\/#primaryimage\"},\"image\":{\"@id\":\"https:\\\/\\\/scl-traffic-transform.de\\\/323-2\\\/#primaryimage\"},\"thumbnailUrl\":\"https:\\\/\\\/scl-traffic-transform.de\\\/wp-content\\\/uploads\\\/2024\\\/10\\\/railway-station-1363771_1280.jpg\",\"datePublished\":\"2024-10-24T08:52:22+00:00\",\"dateModified\":\"2025-02-07T09:03:56+00:00\",\"breadcrumb\":{\"@id\":\"https:\\\/\\\/scl-traffic-transform.de\\\/323-2\\\/#breadcrumb\"},\"inLanguage\":\"en-GB\",\"potentialAction\":[{\"@type\":\"ReadAction\",\"target\":[\"https:\\\/\\\/scl-traffic-transform.de\\\/323-2\\\/\"]}]},{\"@type\":\"ImageObject\",\"inLanguage\":\"en-GB\",\"@id\":\"https:\\\/\\\/scl-traffic-transform.de\\\/323-2\\\/#primaryimage\",\"url\":\"https:\\\/\\\/scl-traffic-transform.de\\\/wp-content\\\/uploads\\\/2024\\\/10\\\/railway-station-1363771_1280.jpg\",\"contentUrl\":\"https:\\\/\\\/scl-traffic-transform.de\\\/wp-content\\\/uploads\\\/2024\\\/10\\\/railway-station-1363771_1280.jpg\"},{\"@type\":\"BreadcrumbList\",\"@id\":\"https:\\\/\\\/scl-traffic-transform.de\\\/323-2\\\/#breadcrumb\",\"itemListElement\":[{\"@type\":\"ListItem\",\"position\":1,\"name\":\"Startseite\",\"item\":\"https:\\\/\\\/scl-traffic-transform.de\\\/\"},{\"@type\":\"ListItem\",\"position\":2,\"name\":\"Bahn\"}]},{\"@type\":\"WebSite\",\"@id\":\"https:\\\/\\\/scl-traffic-transform.de\\\/#website\",\"url\":\"https:\\\/\\\/scl-traffic-transform.de\\\/\",\"name\":\"SCL - Traffic Transform\",\"description\":\"Neues nachhaltiges Verkehrssystem\",\"publisher\":{\"@id\":\"https:\\\/\\\/scl-traffic-transform.de\\\/#organization\"},\"potentialAction\":[{\"@type\":\"SearchAction\",\"target\":{\"@type\":\"EntryPoint\",\"urlTemplate\":\"https:\\\/\\\/scl-traffic-transform.de\\\/?s={search_term_string}\"},\"query-input\":{\"@type\":\"PropertyValueSpecification\",\"valueRequired\":true,\"valueName\":\"search_term_string\"}}],\"inLanguage\":\"en-GB\"},{\"@type\":\"Organization\",\"@id\":\"https:\\\/\\\/scl-traffic-transform.de\\\/#organization\",\"name\":\"SCL - Traffic Transform\",\"url\":\"https:\\\/\\\/scl-traffic-transform.de\\\/\",\"logo\":{\"@type\":\"ImageObject\",\"inLanguage\":\"en-GB\",\"@id\":\"https:\\\/\\\/scl-traffic-transform.de\\\/#\\\/schema\\\/logo\\\/image\\\/\",\"url\":\"https:\\\/\\\/scl-traffic-transform.de\\\/wp-content\\\/uploads\\\/2024\\\/05\\\/test6.png\",\"contentUrl\":\"https:\\\/\\\/scl-traffic-transform.de\\\/wp-content\\\/uploads\\\/2024\\\/05\\\/test6.png\",\"width\":1296,\"height\":877,\"caption\":\"SCL - Traffic Transform\"},\"image\":{\"@id\":\"https:\\\/\\\/scl-traffic-transform.de\\\/#\\\/schema\\\/logo\\\/image\\\/\"}}]}<\/script>\n<!-- \/ Yoast SEO plugin. -->","yoast_head_json":{"title":"Bahn - SCL - Traffic Transform","robots":{"index":"index","follow":"follow","max-snippet":"max-snippet:-1","max-image-preview":"max-image-preview:large","max-video-preview":"max-video-preview:-1"},"canonical":"https:\/\/scl-traffic-transform.de\/en\/323-2\/","og_locale":"en_GB","og_type":"article","og_title":"Bahn - SCL - Traffic Transform","og_description":"Unsere Bahn, die wir lieben, ist total \u00fcberlastet. Sie wird niemals unsere Anforderungen, auch nach den \u00fcberf\u00e4lligen Reparaturarbeiten erf\u00fcllen k\u00f6nnen. Unm\u00f6glich, gestehen wir uns das ein. Wir brauchen ein neues Verkehrssystem, das die Schiene&nbsp;und die Autobahn entlastet und trotzdem vernetzt. Dieses System ist \u201eSCL\u201c. Wir m\u00fcssen nicht weiter Landschaft zerst\u00f6ren, wir nutzen die Trasse der [&hellip;]","og_url":"https:\/\/scl-traffic-transform.de\/en\/323-2\/","og_site_name":"SCL - Traffic Transform","article_modified_time":"2025-02-07T09:03:56+00:00","og_image":[{"width":1280,"height":848,"url":"https:\/\/scl-traffic-transform.de\/wp-content\/uploads\/2024\/10\/railway-station-1363771_1280.jpg","type":"image\/jpeg"}],"twitter_card":"summary_large_image","twitter_misc":{"Estimated reading time":"3 minutes"},"schema":{"@context":"https:\/\/schema.org","@graph":[{"@type":"WebPage","@id":"https:\/\/scl-traffic-transform.de\/323-2\/","url":"https:\/\/scl-traffic-transform.de\/323-2\/","name":"Bahn - SCL - Traffic Transform","isPartOf":{"@id":"https:\/\/scl-traffic-transform.de\/#website"},"primaryImageOfPage":{"@id":"https:\/\/scl-traffic-transform.de\/323-2\/#primaryimage"},"image":{"@id":"https:\/\/scl-traffic-transform.de\/323-2\/#primaryimage"},"thumbnailUrl":"https:\/\/scl-traffic-transform.de\/wp-content\/uploads\/2024\/10\/railway-station-1363771_1280.jpg","datePublished":"2024-10-24T08:52:22+00:00","dateModified":"2025-02-07T09:03:56+00:00","breadcrumb":{"@id":"https:\/\/scl-traffic-transform.de\/323-2\/#breadcrumb"},"inLanguage":"en-GB","potentialAction":[{"@type":"ReadAction","target":["https:\/\/scl-traffic-transform.de\/323-2\/"]}]},{"@type":"ImageObject","inLanguage":"en-GB","@id":"https:\/\/scl-traffic-transform.de\/323-2\/#primaryimage","url":"https:\/\/scl-traffic-transform.de\/wp-content\/uploads\/2024\/10\/railway-station-1363771_1280.jpg","contentUrl":"https:\/\/scl-traffic-transform.de\/wp-content\/uploads\/2024\/10\/railway-station-1363771_1280.jpg"},{"@type":"BreadcrumbList","@id":"https:\/\/scl-traffic-transform.de\/323-2\/#breadcrumb","itemListElement":[{"@type":"ListItem","position":1,"name":"Startseite","item":"https:\/\/scl-traffic-transform.de\/"},{"@type":"ListItem","position":2,"name":"Bahn"}]},{"@type":"WebSite","@id":"https:\/\/scl-traffic-transform.de\/#website","url":"https:\/\/scl-traffic-transform.de\/","name":"SCL - Traffic Transform","description":"Neues nachhaltiges Verkehrssystem","publisher":{"@id":"https:\/\/scl-traffic-transform.de\/#organization"},"potentialAction":[{"@type":"SearchAction","target":{"@type":"EntryPoint","urlTemplate":"https:\/\/scl-traffic-transform.de\/?s={search_term_string}"},"query-input":{"@type":"PropertyValueSpecification","valueRequired":true,"valueName":"search_term_string"}}],"inLanguage":"en-GB"},{"@type":"Organization","@id":"https:\/\/scl-traffic-transform.de\/#organization","name":"SCL - Traffic Transform","url":"https:\/\/scl-traffic-transform.de\/","logo":{"@type":"ImageObject","inLanguage":"en-GB","@id":"https:\/\/scl-traffic-transform.de\/#\/schema\/logo\/image\/","url":"https:\/\/scl-traffic-transform.de\/wp-content\/uploads\/2024\/05\/test6.png","contentUrl":"https:\/\/scl-traffic-transform.de\/wp-content\/uploads\/2024\/05\/test6.png","width":1296,"height":877,"caption":"SCL - Traffic Transform"},"image":{"@id":"https:\/\/scl-traffic-transform.de\/#\/schema\/logo\/image\/"}}]}},"_links":{"self":[{"href":"https:\/\/scl-traffic-transform.de\/en\/wp-json\/wp\/v2\/pages\/323","targetHints":{"allow":["GET"]}}],"collection":[{"href":"https:\/\/scl-traffic-transform.de\/en\/wp-json\/wp\/v2\/pages"}],"about":[{"href":"https:\/\/scl-traffic-transform.de\/en\/wp-json\/wp\/v2\/types\/page"}],"author":[{"embeddable":true,"href":"https:\/\/scl-traffic-transform.de\/en\/wp-json\/wp\/v2\/users\/1"}],"replies":[{"embeddable":true,"href":"https:\/\/scl-traffic-transform.de\/en\/wp-json\/wp\/v2\/comments?post=323"}],"version-history":[{"count":22,"href":"https:\/\/scl-traffic-transform.de\/en\/wp-json\/wp\/v2\/pages\/323\/revisions"}],"predecessor-version":[{"id":385,"href":"https:\/\/scl-traffic-transform.de\/en\/wp-json\/wp\/v2\/pages\/323\/revisions\/385"}],"wp:attachment":[{"href":"https:\/\/scl-traffic-transform.de\/en\/wp-json\/wp\/v2\/media?parent=323"}],"curies":[{"name":"wp","href":"https:\/\/api.w.org\/{rel}","templated":true}]}}