{"id":22,"date":"2024-05-10T17:58:21","date_gmt":"2024-05-10T17:58:21","guid":{"rendered":"https:\/\/scl-traffic-transform.de\/?page_id=22"},"modified":"2025-03-14T10:09:40","modified_gmt":"2025-03-14T10:09:40","slug":"news","status":"publish","type":"page","link":"https:\/\/scl-traffic-transform.de\/en\/news\/","title":{"rendered":""},"content":{"rendered":"<div class=\"wp-block-cover alignfull has-parallax\" style=\"min-height:575px;aspect-ratio:unset;\"><span aria-hidden=\"true\" class=\"wp-block-cover__background has-background-dim\" style=\"background-color:#1f201e\"><\/span><div class=\"wp-block-cover__image-background wp-image-191 has-parallax\" style=\"background-position:50% 50%;background-image:url(https:\/\/scl-traffic-transform.de\/wp-content\/uploads\/2024\/05\/bulb-5258341_1920.jpg)\"><\/div><div class=\"wp-block-cover__inner-container is-layout-constrained wp-block-cover-is-layout-constrained\">\n<h2 class=\"wp-block-heading has-text-align-center has-huge-font-size\" id=\"Anfang\">PROBLEMSOLVER<\/h2>\n<\/div><\/div>\n\n\n\n<div class=\"wp-block-cover alignfull is-light ticss-85c76219\" style=\"min-height:209px;aspect-ratio:unset;\"><span aria-hidden=\"true\" class=\"wp-block-cover__background has-ti-accent-background-color has-background-dim-100 has-background-dim\"><\/span><div class=\"wp-block-cover__inner-container is-layout-constrained wp-block-cover-is-layout-constrained\">\n<p class=\"has-text-align-left text-shadow: none;\" style=\"font-size:clamp(15.197px, 0.95rem + ((1vw - 3.2px) * 0.952), 23px);\">The following videos highlight problems with transport infrastructure, all of which can be solved by SCL. They also demonstrate the urgent need for a new transport system.<\/p>\n<\/div><\/div>\n\n\n\n<div style=\"height:49px\" aria-hidden=\"true\" class=\"wp-block-spacer\"><\/div>\n\n\n\n<figure class=\"wp-block-embed is-type-video is-provider-youtube wp-block-embed-youtube wp-embed-aspect-16-9 wp-has-aspect-ratio\"><div class=\"wp-block-embed__wrapper\">\n<iframe loading=\"lazy\" title=\"A93 gen \u00d6sterreich: Viele Lkw, wenig Parkpl\u00e4tze \u2013 Polizei k\u00e4mpft gegen Verst\u00f6\u00dfe | Abendschau | BR24\" width=\"500\" height=\"281\" src=\"https:\/\/www.youtube.com\/embed\/hIYWoYiWokI?feature=oembed\" frameborder=\"0\" allow=\"accelerometer; autoplay; clipboard-write; encrypted-media; gyroscope; picture-in-picture; web-share\" referrerpolicy=\"strict-origin-when-cross-origin\" allowfullscreen><\/iframe>\n<\/div><\/figure>\n\n\n\n<div class=\"wp-block-group is-layout-constrained wp-block-group-is-layout-constrained\">\n<p>Over 72,000 freight units cross the Alps daily on a single lane using SCL. This eliminates the need for costly, long-term tunnel boring projects. The potential freight volume on SCL is roughly twice the approximately 38,000 freight units that will travel daily over the Brenner Pass in 2023, and that's on just one lane. Currently, traffic requires two to three lanes, so there is ample capacity for the foreseeable future.<\/p>\n\n\n\n<div style=\"height:65px;width:0px\" aria-hidden=\"true\" class=\"wp-block-spacer\"><\/div>\n<\/div>\n\n\n\n<figure class=\"wp-block-embed is-type-video is-provider-youtube wp-block-embed-youtube wp-embed-aspect-16-9 wp-has-aspect-ratio\"><div class=\"wp-block-embed__wrapper\">\n<iframe loading=\"lazy\" title=\"Tempo 30 statt Fahrverbote \u2013 Das Ringen um den Mittleren Ring in M\u00fcnchen | BR24\" width=\"500\" height=\"281\" src=\"https:\/\/www.youtube.com\/embed\/S8ReGcC6pV4?feature=oembed\" frameborder=\"0\" allow=\"accelerometer; autoplay; clipboard-write; encrypted-media; gyroscope; picture-in-picture; web-share\" referrerpolicy=\"strict-origin-when-cross-origin\" allowfullscreen><\/iframe>\n<\/div><\/figure>\n\n\n\n<div class=\"wp-block-group is-layout-constrained wp-block-group-is-layout-constrained\">\n<p>The untenable conditions with the highest air pollution levels of all measuring stations in Europe can be eliminated with SCL. In another 100 major cities in Germany, the same problem of traffic congestion during rush hour exists daily.<\/p>\n\n\n\n<div style=\"height:65px;width:0px\" aria-hidden=\"true\" class=\"wp-block-spacer\"><\/div>\n<\/div>\n\n\n\n<figure class=\"wp-block-embed is-type-video is-provider-youtube wp-block-embed-youtube wp-embed-aspect-16-9 wp-has-aspect-ratio\"><div class=\"wp-block-embed__wrapper\">\n<iframe loading=\"lazy\" title=\"Fahrverbote, Staus und Ausweichstaus: Der Winterverkehr im Inntal | Abendschau | BR24\" width=\"500\" height=\"281\" src=\"https:\/\/www.youtube.com\/embed\/8Yag8UJaK_k?feature=oembed\" frameborder=\"0\" allow=\"accelerometer; autoplay; clipboard-write; encrypted-media; gyroscope; picture-in-picture; web-share\" referrerpolicy=\"strict-origin-when-cross-origin\" allowfullscreen><\/iframe>\n<\/div><\/figure>\n\n\n\n<div class=\"wp-block-group is-layout-constrained wp-block-group-is-layout-constrained\">\n<p>Inntalverkehrsfluss auf SCL l\u00f6st die bisher unl\u00f6sbaren Probleme, da dort im Inntal kein zus\u00e4tzlicher Platz f\u00fcr eine neue Bahnstrecke vorhanden ist. Die Trasse f\u00fcr SCL ist bereits vorhanden-die Autobahn.<\/p>\n\n\n\n<div style=\"height:18px;width:0px\" aria-hidden=\"true\" class=\"wp-block-spacer\"><\/div>\n<\/div>\n\n\n\n<div class=\"wp-block-cover alignfull is-light text-shadow: none;\" style=\"min-height:263px;aspect-ratio:unset;\"><span aria-hidden=\"true\" class=\"wp-block-cover__background has-ti-accent-background-color has-background-dim-100 has-background-dim\"><\/span><div class=\"wp-block-cover__inner-container is-layout-constrained wp-block-cover-is-layout-constrained\">\n<p class=\"has-text-align-left text-shadow: none;\" style=\"font-size:clamp(15.197px, 0.95rem + ((1vw - 3.2px) * 0.952), 23px);\">An idea is only crazy until it becomes part of people's lives. We all know it - things can't go on like this - highways congested, trains delayed because they're overloaded, CO2 is destroying our climate - we need to rethink things; only a new transportation system can solve this mess. But which one?<\/p>\n<\/div><\/div>\n\n\n\n<div style=\"height:85px\" aria-hidden=\"true\" class=\"wp-block-spacer\"><\/div>\n\n\n\n<figure class=\"wp-block-embed is-type-video is-provider-youtube wp-block-embed-youtube wp-embed-aspect-16-9 wp-has-aspect-ratio\"><div class=\"wp-block-embed__wrapper\">\n<iframe loading=\"lazy\" title=\"Reisen mit Schallgeschwindigkeit: Wo bleibt Hyperloop?\" width=\"500\" height=\"281\" src=\"https:\/\/www.youtube.com\/embed\/N50f4OsoOYU?start=42&#038;feature=oembed\" frameborder=\"0\" allow=\"accelerometer; autoplay; clipboard-write; encrypted-media; gyroscope; picture-in-picture; web-share\" referrerpolicy=\"strict-origin-when-cross-origin\" allowfullscreen><\/iframe>\n<\/div><\/figure>\n\n\n\n<div class=\"wp-block-group is-layout-constrained wp-block-group-is-layout-constrained\">\n<p>The Hyper Loop \u2013 failed, not feasible in Germany, too expensive, tunneling under Germany, a utopia, an extremely expensive transport system for a select few? That won't solve our entire traffic problem.<\/p>\n\n\n\n<div style=\"height:80px;width:0px\" aria-hidden=\"true\" class=\"wp-block-spacer\"><\/div>\n<\/div>\n\n\n\n<figure class=\"wp-block-embed is-type-video is-provider-youtube wp-block-embed-youtube wp-embed-aspect-16-9 wp-has-aspect-ratio\"><div class=\"wp-block-embed__wrapper\">\n<iframe loading=\"lazy\" title=\"Unterirdisches Tunnelsystem: Schweiz plant autonomen G\u00fcterverkehr\" width=\"500\" height=\"281\" src=\"https:\/\/www.youtube.com\/embed\/DEDrF5Ld2yg?start=11&#038;feature=oembed\" frameborder=\"0\" allow=\"accelerometer; autoplay; clipboard-write; encrypted-media; gyroscope; picture-in-picture; web-share\" referrerpolicy=\"strict-origin-when-cross-origin\" allowfullscreen><\/iframe>\n<\/div><\/figure>\n\n\n\n<div class=\"wp-block-group is-layout-constrained wp-block-group-is-layout-constrained\">\n<p>An isolated solution for Switzerland alone, not interconnected with other countries, won't solve our transportation problems, which must be addressed internationally. Logistics chains don't end at the Swiss border; they extend across Europe. Switzerland doesn't want to be cut off from the rest of Europe. It, too, wants to sell its products in other European countries. Logistics must flow freely if we are to think progressively. Back in 1846, when the railway was established in Switzerland, many countries went their own way. Driven by nationalism, many countries implemented different track gauges, meaning that continuous rail service ended at the national border. Hopefully, this mindset will be a thing of the past by 2025.\u00a0\u00a0<\/p>\n\n\n\n<p>\"Cargo sous terrain\" (CST) as currently planned in Switzerland, is not an option for other countries. A tunnel system through Switzerland, over 500 km long, solely for freight transport what a misguided approach. The costs are estimated at over 30 billion as of 2023. We know how high those costs could become. <\/p>\n\n\n\n<p>The cost of 500 km of SCL is approximately \u20ac2.5 billion. This is about 10% of the cost of the CST, i.e., the tunnel solution.<br>Since all road users can use SCL, the new transport system will always be well utilized. The economic viability of SCL for the private sector is guaranteed without government subsidies.<\/p>\n\n\n\n<div style=\"height:65px;width:0px\" aria-hidden=\"true\" class=\"wp-block-spacer\"><\/div>\n<\/div>\n\n\n\n<div class=\"wp-block-cover alignfull is-light text-shadow: none;\" style=\"min-height:236px;aspect-ratio:unset;\"><span aria-hidden=\"true\" class=\"wp-block-cover__background has-ti-accent-background-color has-background-dim-100 has-background-dim\"><\/span><div class=\"wp-block-cover__inner-container is-layout-constrained wp-block-cover-is-layout-constrained\">\n<p class=\"has-text-align-left text-shadow: none;\" style=\"font-size:clamp(15.197px, 0.95rem + ((1vw - 3.2px) * 0.952), 23px);\">But what is clear here is that other countries are also considering a new transport system because things cannot continue as they are. Experts say that traffic will continue to grow.<\/p>\n<\/div><\/div>\n\n\n\n<div class=\"wp-block-buttons is-content-justification-center is-layout-flex wp-container-core-buttons-is-layout-a89b3969 wp-block-buttons-is-layout-flex\">\n<div class=\"wp-block-button\"><a class=\"wp-block-button__link wp-element-button\" href=\"#Anfang\">Back to the top<\/a><\/div>\n<\/div>","protected":false},"excerpt":{"rendered":"<p>Auf einer Fahrbahnspur passieren t\u00e4glich \u00fcber 72 000 Frachteinheiten die Alpen, mit SCL. Aufwendige langj\u00e4hrige zuk\u00fcnftige Tunnelbohrungen entfallen. Die m\u00f6gliche Frachtanzahl auf SCL ist etwa doppelt so hoch wie die 2023 t\u00e4glich ca. 38 000 \u00fcber den Brenner gefahrenen Frachteinheiten, und das auf nur 1 Spur. Heute ben\u00f6tigt der Verkehr 2-3 Fahrspuren, da gibt es [&hellip;]<\/p>\n","protected":false},"author":1,"featured_media":0,"parent":0,"menu_order":0,"comment_status":"closed","ping_status":"closed","template":"","meta":{"_themeisle_gutenberg_block_has_review":false,"footnotes":""},"class_list":["post-22","page","type-page","status-publish","hentry"],"yoast_head":"<!-- This site is optimized with the Yoast SEO plugin v27.4 - https:\/\/yoast.com\/product\/yoast-seo-wordpress\/ -->\n<title>- SCL - Traffic Transform<\/title>\n<meta name=\"robots\" content=\"index, follow, max-snippet:-1, max-image-preview:large, max-video-preview:-1\" \/>\n<link rel=\"canonical\" href=\"https:\/\/scl-traffic-transform.de\/en\/news\/\" \/>\n<meta property=\"og:locale\" content=\"en_GB\" \/>\n<meta property=\"og:type\" content=\"article\" \/>\n<meta property=\"og:title\" content=\"- SCL - Traffic Transform\" \/>\n<meta property=\"og:description\" content=\"Auf einer Fahrbahnspur passieren t\u00e4glich \u00fcber 72 000 Frachteinheiten die Alpen, mit SCL. Aufwendige langj\u00e4hrige zuk\u00fcnftige Tunnelbohrungen entfallen. Die m\u00f6gliche Frachtanzahl auf SCL ist etwa doppelt so hoch wie die 2023 t\u00e4glich ca. 38 000 \u00fcber den Brenner gefahrenen Frachteinheiten, und das auf nur 1 Spur. Heute ben\u00f6tigt der Verkehr 2-3 Fahrspuren, da gibt es [&hellip;]\" \/>\n<meta property=\"og:url\" content=\"https:\/\/scl-traffic-transform.de\/en\/news\/\" \/>\n<meta property=\"og:site_name\" content=\"SCL - Traffic Transform\" \/>\n<meta property=\"article:modified_time\" content=\"2025-03-14T10:09:40+00:00\" \/>\n<meta name=\"twitter:card\" content=\"summary_large_image\" \/>\n<meta name=\"twitter:label1\" content=\"Estimated reading time\" \/>\n\t<meta name=\"twitter:data1\" content=\"3 minutes\" \/>\n<script type=\"application\/ld+json\" class=\"yoast-schema-graph\">{\"@context\":\"https:\\\/\\\/schema.org\",\"@graph\":[{\"@type\":\"WebPage\",\"@id\":\"https:\\\/\\\/scl-traffic-transform.de\\\/news\\\/\",\"url\":\"https:\\\/\\\/scl-traffic-transform.de\\\/news\\\/\",\"name\":\"- SCL - Traffic Transform\",\"isPartOf\":{\"@id\":\"https:\\\/\\\/scl-traffic-transform.de\\\/#website\"},\"datePublished\":\"2024-05-10T17:58:21+00:00\",\"dateModified\":\"2025-03-14T10:09:40+00:00\",\"inLanguage\":\"en-GB\",\"potentialAction\":[{\"@type\":\"ReadAction\",\"target\":[\"https:\\\/\\\/scl-traffic-transform.de\\\/news\\\/\"]}]},{\"@type\":\"WebSite\",\"@id\":\"https:\\\/\\\/scl-traffic-transform.de\\\/#website\",\"url\":\"https:\\\/\\\/scl-traffic-transform.de\\\/\",\"name\":\"SCL - Traffic Transform\",\"description\":\"Neues nachhaltiges Verkehrssystem\",\"publisher\":{\"@id\":\"https:\\\/\\\/scl-traffic-transform.de\\\/#organization\"},\"potentialAction\":[{\"@type\":\"SearchAction\",\"target\":{\"@type\":\"EntryPoint\",\"urlTemplate\":\"https:\\\/\\\/scl-traffic-transform.de\\\/?s={search_term_string}\"},\"query-input\":{\"@type\":\"PropertyValueSpecification\",\"valueRequired\":true,\"valueName\":\"search_term_string\"}}],\"inLanguage\":\"en-GB\"},{\"@type\":\"Organization\",\"@id\":\"https:\\\/\\\/scl-traffic-transform.de\\\/#organization\",\"name\":\"SCL - Traffic Transform\",\"url\":\"https:\\\/\\\/scl-traffic-transform.de\\\/\",\"logo\":{\"@type\":\"ImageObject\",\"inLanguage\":\"en-GB\",\"@id\":\"https:\\\/\\\/scl-traffic-transform.de\\\/#\\\/schema\\\/logo\\\/image\\\/\",\"url\":\"https:\\\/\\\/scl-traffic-transform.de\\\/wp-content\\\/uploads\\\/2024\\\/05\\\/test6.png\",\"contentUrl\":\"https:\\\/\\\/scl-traffic-transform.de\\\/wp-content\\\/uploads\\\/2024\\\/05\\\/test6.png\",\"width\":1296,\"height\":877,\"caption\":\"SCL - Traffic Transform\"},\"image\":{\"@id\":\"https:\\\/\\\/scl-traffic-transform.de\\\/#\\\/schema\\\/logo\\\/image\\\/\"}}]}<\/script>\n<!-- \/ Yoast SEO plugin. -->","yoast_head_json":{"title":"- SCL - Traffic Transform","robots":{"index":"index","follow":"follow","max-snippet":"max-snippet:-1","max-image-preview":"max-image-preview:large","max-video-preview":"max-video-preview:-1"},"canonical":"https:\/\/scl-traffic-transform.de\/en\/news\/","og_locale":"en_GB","og_type":"article","og_title":"- SCL - Traffic Transform","og_description":"Auf einer Fahrbahnspur passieren t\u00e4glich \u00fcber 72 000 Frachteinheiten die Alpen, mit SCL. Aufwendige langj\u00e4hrige zuk\u00fcnftige Tunnelbohrungen entfallen. Die m\u00f6gliche Frachtanzahl auf SCL ist etwa doppelt so hoch wie die 2023 t\u00e4glich ca. 38 000 \u00fcber den Brenner gefahrenen Frachteinheiten, und das auf nur 1 Spur. Heute ben\u00f6tigt der Verkehr 2-3 Fahrspuren, da gibt es [&hellip;]","og_url":"https:\/\/scl-traffic-transform.de\/en\/news\/","og_site_name":"SCL - Traffic Transform","article_modified_time":"2025-03-14T10:09:40+00:00","twitter_card":"summary_large_image","twitter_misc":{"Estimated reading time":"3 minutes"},"schema":{"@context":"https:\/\/schema.org","@graph":[{"@type":"WebPage","@id":"https:\/\/scl-traffic-transform.de\/news\/","url":"https:\/\/scl-traffic-transform.de\/news\/","name":"- SCL - Traffic Transform","isPartOf":{"@id":"https:\/\/scl-traffic-transform.de\/#website"},"datePublished":"2024-05-10T17:58:21+00:00","dateModified":"2025-03-14T10:09:40+00:00","inLanguage":"en-GB","potentialAction":[{"@type":"ReadAction","target":["https:\/\/scl-traffic-transform.de\/news\/"]}]},{"@type":"WebSite","@id":"https:\/\/scl-traffic-transform.de\/#website","url":"https:\/\/scl-traffic-transform.de\/","name":"SCL - Traffic Transform","description":"Neues nachhaltiges Verkehrssystem","publisher":{"@id":"https:\/\/scl-traffic-transform.de\/#organization"},"potentialAction":[{"@type":"SearchAction","target":{"@type":"EntryPoint","urlTemplate":"https:\/\/scl-traffic-transform.de\/?s={search_term_string}"},"query-input":{"@type":"PropertyValueSpecification","valueRequired":true,"valueName":"search_term_string"}}],"inLanguage":"en-GB"},{"@type":"Organization","@id":"https:\/\/scl-traffic-transform.de\/#organization","name":"SCL - Traffic Transform","url":"https:\/\/scl-traffic-transform.de\/","logo":{"@type":"ImageObject","inLanguage":"en-GB","@id":"https:\/\/scl-traffic-transform.de\/#\/schema\/logo\/image\/","url":"https:\/\/scl-traffic-transform.de\/wp-content\/uploads\/2024\/05\/test6.png","contentUrl":"https:\/\/scl-traffic-transform.de\/wp-content\/uploads\/2024\/05\/test6.png","width":1296,"height":877,"caption":"SCL - Traffic Transform"},"image":{"@id":"https:\/\/scl-traffic-transform.de\/#\/schema\/logo\/image\/"}}]}},"_links":{"self":[{"href":"https:\/\/scl-traffic-transform.de\/en\/wp-json\/wp\/v2\/pages\/22","targetHints":{"allow":["GET"]}}],"collection":[{"href":"https:\/\/scl-traffic-transform.de\/en\/wp-json\/wp\/v2\/pages"}],"about":[{"href":"https:\/\/scl-traffic-transform.de\/en\/wp-json\/wp\/v2\/types\/page"}],"author":[{"embeddable":true,"href":"https:\/\/scl-traffic-transform.de\/en\/wp-json\/wp\/v2\/users\/1"}],"replies":[{"embeddable":true,"href":"https:\/\/scl-traffic-transform.de\/en\/wp-json\/wp\/v2\/comments?post=22"}],"version-history":[{"count":29,"href":"https:\/\/scl-traffic-transform.de\/en\/wp-json\/wp\/v2\/pages\/22\/revisions"}],"predecessor-version":[{"id":410,"href":"https:\/\/scl-traffic-transform.de\/en\/wp-json\/wp\/v2\/pages\/22\/revisions\/410"}],"wp:attachment":[{"href":"https:\/\/scl-traffic-transform.de\/en\/wp-json\/wp\/v2\/media?parent=22"}],"curies":[{"name":"wp","href":"https:\/\/api.w.org\/{rel}","templated":true}]}}