{"id":323,"date":"2024-10-24T08:52:22","date_gmt":"2024-10-24T08:52:22","guid":{"rendered":"https:\/\/scl-traffic-transform.de\/?page_id=323"},"modified":"2025-02-07T09:03:56","modified_gmt":"2025-02-07T09:03:56","slug":"323-2","status":"publish","type":"page","link":"https:\/\/scl-traffic-transform.de\/de_de\/323-2\/","title":{"rendered":"Bahn"},"content":{"rendered":"\n<div class=\"wp-block-cover alignfull\"><span aria-hidden=\"true\" class=\"wp-block-cover__background has-background-dim\" style=\"background-color:#342f24\"><\/span><img loading=\"lazy\" decoding=\"async\" width=\"1280\" height=\"848\" class=\"wp-block-cover__image-background wp-image-324\" alt=\"\" src=\"https:\/\/scl-traffic-transform.de\/wp-content\/uploads\/2024\/10\/railway-station-1363771_1280.jpg\" data-object-fit=\"cover\" srcset=\"https:\/\/scl-traffic-transform.de\/wp-content\/uploads\/2024\/10\/railway-station-1363771_1280.jpg 1280w, https:\/\/scl-traffic-transform.de\/wp-content\/uploads\/2024\/10\/railway-station-1363771_1280-300x199.jpg 300w, https:\/\/scl-traffic-transform.de\/wp-content\/uploads\/2024\/10\/railway-station-1363771_1280-1024x678.jpg 1024w, https:\/\/scl-traffic-transform.de\/wp-content\/uploads\/2024\/10\/railway-station-1363771_1280-768x509.jpg 768w\" sizes=\"auto, (max-width: 1280px) 100vw, 1280px\" \/><div class=\"wp-block-cover__inner-container is-layout-constrained wp-block-cover-is-layout-constrained\">\n<h2 class=\"wp-block-heading has-text-align-center\" style=\"font-size:clamp(40.387px, 2.524rem + ((1vw - 3.2px) * 4.343), 76px);\">Vernetzung mit der Bahn<\/h2>\n<\/div><\/div>\n\n\n\n<p class=\"animated fadeIn\">Unsere Bahn, die wir lieben, ist total \u00fcberlastet. Sie wird niemals unsere Anforderungen, auch nach den \u00fcberf\u00e4lligen Reparaturarbeiten erf\u00fcllen k\u00f6nnen. Unm\u00f6glich, gestehen wir uns das ein. Wir brauchen ein neues Verkehrssystem, das die Schiene&nbsp;und die Autobahn entlastet und trotzdem vernetzt. Dieses System ist \u201eSCL\u201c. Wir m\u00fcssen nicht weiter Landschaft zerst\u00f6ren, wir nutzen die Trasse der Autobahn, wo die Umwelts\u00fcnden in der Vergangenheit gemacht wurden und vernetzen mit \u201eSCL\u201c Schiene und Stra\u00dfe. Der Personentransport, so wie wir das heute von der Bahn kennen im Personenwaggon findet genau so auf \u201eSCL\u201c statt.<\/p>\n\n\n\n<div style=\"height:55px\" aria-hidden=\"true\" class=\"wp-block-spacer\"><\/div>\n\n\n\n<div class=\"wp-block-group animated fadeInLeftBig is-layout-constrained wp-block-group-is-layout-constrained\">\n<div class=\"wp-block-columns is-layout-flex wp-container-core-columns-is-layout-28f84493 wp-block-columns-is-layout-flex\">\n<div class=\"wp-block-column is-layout-flow wp-block-column-is-layout-flow\" style=\"flex-basis:66%\">\n<p class=\"has-ti-accent-background-color has-background\">Beispiel: Am Bahnhof in Hamburg, oder an einem anderen Verkehrsg\u00fcnstig gelegenen Ort, steht ein Abfahrtbereiter Waggon, so wie der Bahnwaggon, sobald der Wagen voll ist, f\u00e4hrt er los, ohne Fahrplan, einfach weil er voll ist, worauf soll er noch warten. Sein Ziel ist M\u00fcnchen. Er wird auf \u201eSCL\u201c eingeschleust und f\u00e4hrt ohne Stopp durch bis M\u00fcnchen. Er erspart sich ca. 9 Stopps, die der \u201eICE\u201c einlegen muss. Dadurch erzielt \u201eSCL\u201c einen Zeitgewinn von etwa 90 Min. Man kann sagen\u201c SCL ist genauso schnell oder sogar schneller, je nach eingestellter Geschwindigkeit in M\u00fcnchen wie der \u201eICE\u201c obwohl \u201eSCL\u201c nicht mit 250 Std.\/Km unterwegs ist. Dieser Prozess l\u00e4uft zuk\u00fcnftig im ganzen Land ab, kreuz und quer sind hunderte\/tausende Personenwaggons von Nord nach S\u00fcd, von Ost nach West unterwegs und entlastet so die Schiene und Stra\u00dfe.<\/p>\n<\/div>\n\n\n\n<div class=\"wp-block-column is-layout-flow wp-block-column-is-layout-flow\" style=\"flex-basis:33.33%\">\n<figure class=\"wp-block-image size-large\"><img loading=\"lazy\" decoding=\"async\" width=\"410\" height=\"1024\" src=\"https:\/\/scl-traffic-transform.de\/wp-content\/uploads\/2024\/10\/Design-ohne-Titel-4-410x1024.png\" alt=\"\" class=\"wp-image-332\" srcset=\"https:\/\/scl-traffic-transform.de\/wp-content\/uploads\/2024\/10\/Design-ohne-Titel-4-410x1024.png 410w, https:\/\/scl-traffic-transform.de\/wp-content\/uploads\/2024\/10\/Design-ohne-Titel-4-120x300.png 120w, https:\/\/scl-traffic-transform.de\/wp-content\/uploads\/2024\/10\/Design-ohne-Titel-4.png 600w\" sizes=\"auto, (max-width: 410px) 100vw, 410px\" \/><\/figure>\n<\/div>\n<\/div>\n<\/div>\n\n\n\n<div style=\"height:60px\" aria-hidden=\"true\" class=\"wp-block-spacer\"><\/div>\n\n\n\n<div class=\"wp-block-cover is-light has-parallax is-repeated wp-duotone-var--nv-text-color202020-rgb128128128-1\" style=\"margin-top:0;padding-top:48px;padding-right:48px;padding-bottom:48px;padding-left:48px;min-height:66vh;aspect-ratio:unset;\"><span aria-hidden=\"true\" class=\"wp-block-cover__background has-background-dim-30 has-background-dim\" style=\"background-color:#967e6f\"><\/span><div class=\"wp-block-cover__image-background wp-image-366 has-parallax is-repeated\" style=\"background-position:50% 50%;background-image:url(https:\/\/scl-traffic-transform.de\/wp-content\/uploads\/2024\/10\/transport-system-3058872_1920-1.jpg)\"><\/div><div class=\"wp-block-cover__inner-container is-layout-flow wp-block-cover-is-layout-flow\">\n<div class=\"wp-block-group is-content-justification-left is-layout-constrained wp-container-core-group-is-layout-0b562c1c wp-block-group-is-layout-constrained\">\n<h2 class=\"wp-block-heading has-text-align-left has-ti-accent-color has-text-color\" style=\"font-size:clamp(29.303px, 1.831rem + ((1vw - 3.2px) * 2.646), 51px);font-style:normal;font-weight:700;letter-spacing:0px;line-height:1;text-transform:uppercase\"><strong>Energieverbrauch: Bisher galt: Die Bahn ist das umweltfreundlichste Verkehrsmittel!&nbsp;&nbsp;&nbsp;&nbsp;<\/strong><\/h2>\n\n\n\n<h2 class=\"wp-block-heading has-text-align-left has-ti-accent-color has-text-color\" style=\"font-size:clamp(29.303px, 1.831rem + ((1vw - 3.2px) * 2.646), 51px);font-style:normal;font-weight:700;letter-spacing:0px;line-height:1;text-transform:uppercase\">Das gilt nicht mehr!&nbsp;<\/h2>\n<\/div>\n<\/div><\/div>\n\n\n\n<div style=\"height:43px\" aria-hidden=\"true\" class=\"wp-block-spacer\"><\/div>\n\n\n\n<div class=\"wp-block-group animated fadeInRight is-layout-constrained wp-block-group-is-layout-constrained\">\n<p>SCL\u201c ist mit Bio Strom unterwegs, ein Gro\u00dfteil davon wird selbst passiv produziert . <\/p>\n\n\n\n<p><\/p>\n\n\n\n<p>\u201eSCL\u201c ist<strong><u> emissionsfrei<\/u><\/strong> unterwegs Die Bahn ist nur zu ca. 62%&nbsp; elektrifiziert, die restliche Strecke wird mit Diesel bedient<strong>.&nbsp;&nbsp;&nbsp;&nbsp;&nbsp;&nbsp;&nbsp;&nbsp;&nbsp;&nbsp;&nbsp;&nbsp;<\/strong><\/p>\n\n\n\n<p><strong>&nbsp;&nbsp;&nbsp;&nbsp;&nbsp;&nbsp;&nbsp;&nbsp;&nbsp;&nbsp;&nbsp;&nbsp;&nbsp;&nbsp;&nbsp;&nbsp;&nbsp;&nbsp;&nbsp;&nbsp;&nbsp;<\/strong><\/p>\n\n\n\n<p class=\"has-ti-accent-background-color has-background has-large-font-size\"><strong>Gewichts Vergleich:&nbsp;&nbsp;&nbsp;&nbsp;&nbsp;&nbsp;<\/strong><\/p>\n\n\n\n<p class=\"has-ti-accent-background-color has-background has-large-font-size\"><strong><u>Durchschnittlicher G\u00fcterzug :<\/u><\/strong><\/p>\n\n\n\n<p class=\"has-text-align-center has-ti-accent-background-color has-background has-large-font-size\"><strong><u>1Lok.+ 30,G\u00fcterwaggons, ca. 400m lang, &nbsp;ohne Fracht.<\/u><\/strong><\/p>\n\n\n\n<p class=\"has-ti-accent-background-color has-background has-large-font-size\">Lok ca. 100 t.&nbsp;1 G\u00fcterwaggon ca. 15 t = <\/p>\n\n\n\n<p class=\"has-ti-accent-background-color has-background has-large-font-size\">Lok 100 t+30 G\u00fcterw.450t= 550t Leergewicht<\/p>\n\n\n\n<p class=\"has-text-align-center has-ti-accent-background-color has-background has-large-font-size\">\u201eSCL\u201c&nbsp; 10m Band ca. 1 t = 400m Band&nbsp;= 40 t&nbsp; Leergewicht<\/p>\n\n\n\n<div style=\"height:37px\" aria-hidden=\"true\" class=\"wp-block-spacer\"><\/div>\n\n\n\n<p>Die Antriebs Maschine sitzt unter dem Band in der Erde, muss nicht transportiert werden<\/p>\n\n\n\n<p>Die Gewichtsersparnis, Energieersparnis von \u201eSCL\u201c ist gravierend \u00fcber 90% und das alles CO2 frei.<\/p>\n\n\n\n<div style=\"height:51px\" aria-hidden=\"true\" class=\"wp-block-spacer\"><\/div>\n\n\n\n<blockquote class=\"wp-block-quote has-text-align-center is-style-large is-layout-flow wp-block-quote-is-layout-flow\">\n<p><strong><em>\u201cSCL\u201c erspart viele Mio.t CO2, <\/em><\/strong><\/p>\n<\/blockquote>\n\n\n\n<hr class=\"wp-block-separator has-css-opacity is-style-default\"\/>\n\n\n\n<hr class=\"wp-block-separator has-css-opacity is-style-default\"\/>\n<\/div>\n\n\n\n<p>Emissionen, die nicht industriell verpresst werden m\u00fcssen wo immer auch hin ,je mehr km Strecke ausgebaut ist, desto gr\u00f6\u00dfer ist die CO 2 Einsparung, weil immer mehr Fracht und PKW auf \u201eSCL\u201c unterwegs sind. Am besten kreuz und quer durch ganz Europa.<\/p>\n","protected":false},"excerpt":{"rendered":"<p>Unsere Bahn, die wir lieben, ist total \u00fcberlastet. Sie wird niemals unsere Anforderungen, auch nach den \u00fcberf\u00e4lligen Reparaturarbeiten erf\u00fcllen k\u00f6nnen. Unm\u00f6glich, gestehen wir uns das ein. Wir brauchen ein neues Verkehrssystem, das die Schiene&nbsp;und die Autobahn entlastet und trotzdem vernetzt. Dieses System ist \u201eSCL\u201c. Wir m\u00fcssen nicht weiter Landschaft zerst\u00f6ren, wir nutzen die Trasse der [&hellip;]<\/p>\n","protected":false},"author":1,"featured_media":0,"parent":0,"menu_order":0,"comment_status":"closed","ping_status":"closed","template":"","meta":{"_themeisle_gutenberg_block_has_review":false,"footnotes":""},"class_list":["post-323","page","type-page","status-publish","hentry"],"yoast_head":"<!-- This site is optimized with the Yoast SEO plugin v27.4 - https:\/\/yoast.com\/product\/yoast-seo-wordpress\/ -->\n<title>Bahn - SCL - Traffic Transform<\/title>\n<meta name=\"robots\" content=\"index, follow, max-snippet:-1, max-image-preview:large, max-video-preview:-1\" \/>\n<link rel=\"canonical\" href=\"https:\/\/scl-traffic-transform.de\/de_de\/323-2\/\" \/>\n<meta property=\"og:locale\" content=\"de_DE\" \/>\n<meta property=\"og:type\" content=\"article\" \/>\n<meta property=\"og:title\" content=\"Bahn - SCL - Traffic Transform\" \/>\n<meta property=\"og:description\" content=\"Unsere Bahn, die wir lieben, ist total \u00fcberlastet. Sie wird niemals unsere Anforderungen, auch nach den \u00fcberf\u00e4lligen Reparaturarbeiten erf\u00fcllen k\u00f6nnen. Unm\u00f6glich, gestehen wir uns das ein. Wir brauchen ein neues Verkehrssystem, das die Schiene&nbsp;und die Autobahn entlastet und trotzdem vernetzt. Dieses System ist \u201eSCL\u201c. Wir m\u00fcssen nicht weiter Landschaft zerst\u00f6ren, wir nutzen die Trasse der [&hellip;]\" \/>\n<meta property=\"og:url\" content=\"https:\/\/scl-traffic-transform.de\/de_de\/323-2\/\" \/>\n<meta property=\"og:site_name\" content=\"SCL - Traffic Transform\" \/>\n<meta property=\"article:modified_time\" content=\"2025-02-07T09:03:56+00:00\" \/>\n<meta property=\"og:image\" content=\"https:\/\/scl-traffic-transform.de\/wp-content\/uploads\/2024\/10\/railway-station-1363771_1280.jpg\" \/>\n\t<meta property=\"og:image:width\" content=\"1280\" \/>\n\t<meta property=\"og:image:height\" content=\"848\" \/>\n\t<meta property=\"og:image:type\" content=\"image\/jpeg\" \/>\n<meta name=\"twitter:card\" content=\"summary_large_image\" \/>\n<meta name=\"twitter:label1\" content=\"Gesch\u00e4tzte Lesezeit\" \/>\n\t<meta name=\"twitter:data1\" content=\"3\u00a0Minuten\" \/>\n<script type=\"application\/ld+json\" class=\"yoast-schema-graph\">{\"@context\":\"https:\\\/\\\/schema.org\",\"@graph\":[{\"@type\":\"WebPage\",\"@id\":\"https:\\\/\\\/scl-traffic-transform.de\\\/323-2\\\/\",\"url\":\"https:\\\/\\\/scl-traffic-transform.de\\\/323-2\\\/\",\"name\":\"Bahn - SCL - Traffic Transform\",\"isPartOf\":{\"@id\":\"https:\\\/\\\/scl-traffic-transform.de\\\/#website\"},\"primaryImageOfPage\":{\"@id\":\"https:\\\/\\\/scl-traffic-transform.de\\\/323-2\\\/#primaryimage\"},\"image\":{\"@id\":\"https:\\\/\\\/scl-traffic-transform.de\\\/323-2\\\/#primaryimage\"},\"thumbnailUrl\":\"https:\\\/\\\/scl-traffic-transform.de\\\/wp-content\\\/uploads\\\/2024\\\/10\\\/railway-station-1363771_1280.jpg\",\"datePublished\":\"2024-10-24T08:52:22+00:00\",\"dateModified\":\"2025-02-07T09:03:56+00:00\",\"breadcrumb\":{\"@id\":\"https:\\\/\\\/scl-traffic-transform.de\\\/323-2\\\/#breadcrumb\"},\"inLanguage\":\"de\",\"potentialAction\":[{\"@type\":\"ReadAction\",\"target\":[\"https:\\\/\\\/scl-traffic-transform.de\\\/323-2\\\/\"]}]},{\"@type\":\"ImageObject\",\"inLanguage\":\"de\",\"@id\":\"https:\\\/\\\/scl-traffic-transform.de\\\/323-2\\\/#primaryimage\",\"url\":\"https:\\\/\\\/scl-traffic-transform.de\\\/wp-content\\\/uploads\\\/2024\\\/10\\\/railway-station-1363771_1280.jpg\",\"contentUrl\":\"https:\\\/\\\/scl-traffic-transform.de\\\/wp-content\\\/uploads\\\/2024\\\/10\\\/railway-station-1363771_1280.jpg\"},{\"@type\":\"BreadcrumbList\",\"@id\":\"https:\\\/\\\/scl-traffic-transform.de\\\/323-2\\\/#breadcrumb\",\"itemListElement\":[{\"@type\":\"ListItem\",\"position\":1,\"name\":\"Startseite\",\"item\":\"https:\\\/\\\/scl-traffic-transform.de\\\/\"},{\"@type\":\"ListItem\",\"position\":2,\"name\":\"Bahn\"}]},{\"@type\":\"WebSite\",\"@id\":\"https:\\\/\\\/scl-traffic-transform.de\\\/#website\",\"url\":\"https:\\\/\\\/scl-traffic-transform.de\\\/\",\"name\":\"SCL - Traffic Transform\",\"description\":\"Neues nachhaltiges Verkehrssystem\",\"publisher\":{\"@id\":\"https:\\\/\\\/scl-traffic-transform.de\\\/#organization\"},\"potentialAction\":[{\"@type\":\"SearchAction\",\"target\":{\"@type\":\"EntryPoint\",\"urlTemplate\":\"https:\\\/\\\/scl-traffic-transform.de\\\/?s={search_term_string}\"},\"query-input\":{\"@type\":\"PropertyValueSpecification\",\"valueRequired\":true,\"valueName\":\"search_term_string\"}}],\"inLanguage\":\"de\"},{\"@type\":\"Organization\",\"@id\":\"https:\\\/\\\/scl-traffic-transform.de\\\/#organization\",\"name\":\"SCL - Traffic Transform\",\"url\":\"https:\\\/\\\/scl-traffic-transform.de\\\/\",\"logo\":{\"@type\":\"ImageObject\",\"inLanguage\":\"de\",\"@id\":\"https:\\\/\\\/scl-traffic-transform.de\\\/#\\\/schema\\\/logo\\\/image\\\/\",\"url\":\"https:\\\/\\\/scl-traffic-transform.de\\\/wp-content\\\/uploads\\\/2024\\\/05\\\/test6.png\",\"contentUrl\":\"https:\\\/\\\/scl-traffic-transform.de\\\/wp-content\\\/uploads\\\/2024\\\/05\\\/test6.png\",\"width\":1296,\"height\":877,\"caption\":\"SCL - Traffic Transform\"},\"image\":{\"@id\":\"https:\\\/\\\/scl-traffic-transform.de\\\/#\\\/schema\\\/logo\\\/image\\\/\"}}]}<\/script>\n<!-- \/ Yoast SEO plugin. -->","yoast_head_json":{"title":"Bahn - SCL - Traffic Transform","robots":{"index":"index","follow":"follow","max-snippet":"max-snippet:-1","max-image-preview":"max-image-preview:large","max-video-preview":"max-video-preview:-1"},"canonical":"https:\/\/scl-traffic-transform.de\/de_de\/323-2\/","og_locale":"de_DE","og_type":"article","og_title":"Bahn - SCL - Traffic Transform","og_description":"Unsere Bahn, die wir lieben, ist total \u00fcberlastet. Sie wird niemals unsere Anforderungen, auch nach den \u00fcberf\u00e4lligen Reparaturarbeiten erf\u00fcllen k\u00f6nnen. Unm\u00f6glich, gestehen wir uns das ein. Wir brauchen ein neues Verkehrssystem, das die Schiene&nbsp;und die Autobahn entlastet und trotzdem vernetzt. Dieses System ist \u201eSCL\u201c. Wir m\u00fcssen nicht weiter Landschaft zerst\u00f6ren, wir nutzen die Trasse der [&hellip;]","og_url":"https:\/\/scl-traffic-transform.de\/de_de\/323-2\/","og_site_name":"SCL - Traffic Transform","article_modified_time":"2025-02-07T09:03:56+00:00","og_image":[{"width":1280,"height":848,"url":"https:\/\/scl-traffic-transform.de\/wp-content\/uploads\/2024\/10\/railway-station-1363771_1280.jpg","type":"image\/jpeg"}],"twitter_card":"summary_large_image","twitter_misc":{"Gesch\u00e4tzte Lesezeit":"3\u00a0Minuten"},"schema":{"@context":"https:\/\/schema.org","@graph":[{"@type":"WebPage","@id":"https:\/\/scl-traffic-transform.de\/323-2\/","url":"https:\/\/scl-traffic-transform.de\/323-2\/","name":"Bahn - SCL - Traffic Transform","isPartOf":{"@id":"https:\/\/scl-traffic-transform.de\/#website"},"primaryImageOfPage":{"@id":"https:\/\/scl-traffic-transform.de\/323-2\/#primaryimage"},"image":{"@id":"https:\/\/scl-traffic-transform.de\/323-2\/#primaryimage"},"thumbnailUrl":"https:\/\/scl-traffic-transform.de\/wp-content\/uploads\/2024\/10\/railway-station-1363771_1280.jpg","datePublished":"2024-10-24T08:52:22+00:00","dateModified":"2025-02-07T09:03:56+00:00","breadcrumb":{"@id":"https:\/\/scl-traffic-transform.de\/323-2\/#breadcrumb"},"inLanguage":"de","potentialAction":[{"@type":"ReadAction","target":["https:\/\/scl-traffic-transform.de\/323-2\/"]}]},{"@type":"ImageObject","inLanguage":"de","@id":"https:\/\/scl-traffic-transform.de\/323-2\/#primaryimage","url":"https:\/\/scl-traffic-transform.de\/wp-content\/uploads\/2024\/10\/railway-station-1363771_1280.jpg","contentUrl":"https:\/\/scl-traffic-transform.de\/wp-content\/uploads\/2024\/10\/railway-station-1363771_1280.jpg"},{"@type":"BreadcrumbList","@id":"https:\/\/scl-traffic-transform.de\/323-2\/#breadcrumb","itemListElement":[{"@type":"ListItem","position":1,"name":"Startseite","item":"https:\/\/scl-traffic-transform.de\/"},{"@type":"ListItem","position":2,"name":"Bahn"}]},{"@type":"WebSite","@id":"https:\/\/scl-traffic-transform.de\/#website","url":"https:\/\/scl-traffic-transform.de\/","name":"SCL - Traffic Transform","description":"Neues nachhaltiges Verkehrssystem","publisher":{"@id":"https:\/\/scl-traffic-transform.de\/#organization"},"potentialAction":[{"@type":"SearchAction","target":{"@type":"EntryPoint","urlTemplate":"https:\/\/scl-traffic-transform.de\/?s={search_term_string}"},"query-input":{"@type":"PropertyValueSpecification","valueRequired":true,"valueName":"search_term_string"}}],"inLanguage":"de"},{"@type":"Organization","@id":"https:\/\/scl-traffic-transform.de\/#organization","name":"SCL - Traffic Transform","url":"https:\/\/scl-traffic-transform.de\/","logo":{"@type":"ImageObject","inLanguage":"de","@id":"https:\/\/scl-traffic-transform.de\/#\/schema\/logo\/image\/","url":"https:\/\/scl-traffic-transform.de\/wp-content\/uploads\/2024\/05\/test6.png","contentUrl":"https:\/\/scl-traffic-transform.de\/wp-content\/uploads\/2024\/05\/test6.png","width":1296,"height":877,"caption":"SCL - Traffic Transform"},"image":{"@id":"https:\/\/scl-traffic-transform.de\/#\/schema\/logo\/image\/"}}]}},"_links":{"self":[{"href":"https:\/\/scl-traffic-transform.de\/de_de\/wp-json\/wp\/v2\/pages\/323","targetHints":{"allow":["GET"]}}],"collection":[{"href":"https:\/\/scl-traffic-transform.de\/de_de\/wp-json\/wp\/v2\/pages"}],"about":[{"href":"https:\/\/scl-traffic-transform.de\/de_de\/wp-json\/wp\/v2\/types\/page"}],"author":[{"embeddable":true,"href":"https:\/\/scl-traffic-transform.de\/de_de\/wp-json\/wp\/v2\/users\/1"}],"replies":[{"embeddable":true,"href":"https:\/\/scl-traffic-transform.de\/de_de\/wp-json\/wp\/v2\/comments?post=323"}],"version-history":[{"count":22,"href":"https:\/\/scl-traffic-transform.de\/de_de\/wp-json\/wp\/v2\/pages\/323\/revisions"}],"predecessor-version":[{"id":385,"href":"https:\/\/scl-traffic-transform.de\/de_de\/wp-json\/wp\/v2\/pages\/323\/revisions\/385"}],"wp:attachment":[{"href":"https:\/\/scl-traffic-transform.de\/de_de\/wp-json\/wp\/v2\/media?parent=323"}],"curies":[{"name":"wp","href":"https:\/\/api.w.org\/{rel}","templated":true}]}}