{"id":303,"date":"2024-10-19T12:53:52","date_gmt":"2024-10-19T12:53:52","guid":{"rendered":"https:\/\/scl-traffic-transform.de\/?page_id=303"},"modified":"2024-11-18T13:01:49","modified_gmt":"2024-11-18T13:01:49","slug":"spedition","status":"publish","type":"page","link":"https:\/\/scl-traffic-transform.de\/de_de\/spedition\/","title":{"rendered":"Spedition"},"content":{"rendered":"\n<div class=\"wp-block-cover alignfull is-light\" style=\"min-height:406px;aspect-ratio:unset;\"><span aria-hidden=\"true\" class=\"wp-block-cover__background has-background-dim\" style=\"background-color:#9d7579\"><\/span><img loading=\"lazy\" decoding=\"async\" width=\"1280\" height=\"853\" class=\"wp-block-cover__image-background wp-image-307\" alt=\"\" src=\"https:\/\/scl-traffic-transform.de\/wp-content\/uploads\/2024\/10\/container-3859710_1280-1.jpg\" data-object-fit=\"cover\" srcset=\"https:\/\/scl-traffic-transform.de\/wp-content\/uploads\/2024\/10\/container-3859710_1280-1.jpg 1280w, https:\/\/scl-traffic-transform.de\/wp-content\/uploads\/2024\/10\/container-3859710_1280-1-300x200.jpg 300w, https:\/\/scl-traffic-transform.de\/wp-content\/uploads\/2024\/10\/container-3859710_1280-1-1024x682.jpg 1024w, https:\/\/scl-traffic-transform.de\/wp-content\/uploads\/2024\/10\/container-3859710_1280-1-768x512.jpg 768w\" sizes=\"auto, (max-width: 1280px) 100vw, 1280px\" \/><div class=\"wp-block-cover__inner-container is-layout-constrained wp-block-cover-is-layout-constrained\">\n<h2 class=\"wp-block-heading\">Spedition heute und morgen<\/h2>\n<\/div><\/div>\n\n\n\n<p>Die Speditionen transportieren, zu Lande zu Wasser und in der Luft. Sie lagern. Sie verteilen durch regionale Zulieferer. Sie sollten die gewerblichen Firmen und die Haushalte p\u00fcnktlich mit den notwendigen Dingen und G\u00fctern des t\u00e4glichen Lebens versorgen.<\/p>\n\n\n\n<div style=\"height:30px\" aria-hidden=\"true\" class=\"wp-block-spacer\"><\/div>\n\n\n\n<div class=\"wp-block-group alignfull animated fadeInLeft o-anim-offset-140px has-ti-fg-alt-color has-ti-accent-background-color has-text-color has-background is-layout-constrained wp-container-core-group-is-layout-352a731e wp-block-group-is-layout-constrained\" style=\"margin-top:0px;margin-bottom:0px;padding-top:64px;padding-bottom:64px\">\n<div class=\"wp-block-group alignwide is-layout-flow wp-block-group-is-layout-flow\">\n<div class=\"wp-block-columns is-layout-flex wp-container-core-columns-is-layout-13e2ef3f wp-block-columns-is-layout-flex\">\n<div class=\"wp-block-column is-layout-flow wp-container-core-column-is-layout-47e5a185 wp-block-column-is-layout-flow\">\n<p class=\"ticss-85c76219 has-normal-font-size\">Da unsere Verkehrssysteme-Stra\u00dfe-Schiene- \u00fcberlastet sind, k\u00f6nnen die Speditionen diesem Auftrag nicht mehr gerecht werden. Der Verkehr wird in den n\u00e4chsten Jahren erheblich wachsen, was zum einen f\u00fcr steigende Ums\u00e4tze bei den Speditionen f\u00fchren wird, zum anderen den Leidensdruck auf der Stra\u00dfe und Schiene, bei den Speditionen und im Individual Verkehr ins Unvorstellbare erh\u00f6hen wird. Der Druck auf die Speditionen wird erheblich zunehmen, da sie ihrem Auftrag einer p\u00fcnktlichen Belieferung nicht nachkommen k\u00f6nnen, erneut neue Autobahnen zu bauen, lehnen die Menschen ab. Wir haben wirklich genug davon. Immer nur den Weg der Vergangenheit zu gehen, bauen, bauen, ist passe. Immer nur linear nach vorne zu denken-mehr Verkehr bedeutet mehr Autobahnen ist der falsche Weg. Umdenken, um die Ecke denken ist angesagt, denn wir haben genug Autobahnen, wir m\u00fcssen sie nur anders nutzen.<\/p>\n<\/div>\n<\/div>\n<\/div>\n<\/div>\n\n\n\n<div style=\"height:42px\" aria-hidden=\"true\" class=\"wp-block-spacer\"><\/div>\n\n\n\n<figure class=\"wp-block-image size-large\"><img loading=\"lazy\" decoding=\"async\" width=\"1024\" height=\"683\" src=\"https:\/\/scl-traffic-transform.de\/wp-content\/uploads\/2024\/10\/container-3857611_1920-1024x683.jpg\" alt=\"\" class=\"wp-image-312\" srcset=\"https:\/\/scl-traffic-transform.de\/wp-content\/uploads\/2024\/10\/container-3857611_1920-1024x683.jpg 1024w, https:\/\/scl-traffic-transform.de\/wp-content\/uploads\/2024\/10\/container-3857611_1920-300x200.jpg 300w, https:\/\/scl-traffic-transform.de\/wp-content\/uploads\/2024\/10\/container-3857611_1920-768x512.jpg 768w, https:\/\/scl-traffic-transform.de\/wp-content\/uploads\/2024\/10\/container-3857611_1920-1536x1024.jpg 1536w, https:\/\/scl-traffic-transform.de\/wp-content\/uploads\/2024\/10\/container-3857611_1920.jpg 1920w\" sizes=\"auto, (max-width: 1024px) 100vw, 1024px\" \/><\/figure>\n\n\n\n<div style=\"height:40px\" aria-hidden=\"true\" class=\"wp-block-spacer\"><\/div>\n\n\n\n<div class=\"wp-block-columns is-layout-flex wp-container-core-columns-is-layout-28f84493 wp-block-columns-is-layout-flex\">\n<div class=\"wp-block-column is-layout-flow wp-block-column-is-layout-flow\">\n<p>1. Nachts von 22- bis morgens&nbsp; 6 Uhr stehen die Autobahnen fast leer. Kapazit\u00e4tsverlust mehr wie 33&nbsp;%. Der LKW-Fahrer ist tags aktiv, er f\u00e4hrt, nachts schl\u00e4ft er, wie alle Menschen. Zus\u00e4tzliches Problem Autobahnparkpl\u00e4tze. Es gibt jetzt schon zu wenige, mit zunehmendem Verkehr potenziert sich das Problem. Und LKW-Fahrer gibt es sowieso keine mehr. Der G\u00fcterverkehrsverband sucht LKW-Fahrer weltweit.<\/p>\n<\/div>\n\n\n\n<div class=\"wp-block-column is-layout-flow wp-block-column-is-layout-flow\">\n<p>2. Ein durchschnittlicher LKW im Fernverkehr mit einer L\u00e4nge von 15\u00a0m ben\u00f6tigt im flie\u00dfenden Verkehr ca. 40 m Sicherheitsabstand, halber Tacho. Das hei\u00dft: Eine Frachteinheit ben\u00f6tigt ca., 55\u00a0m Autobahn. Ein Container ben\u00f6tigt inkl. Abstand ca. 15\u00a0m. Das hei\u00dft, es kann 3-mal mehr Fracht transportiert\u00a0werden. Der Frachtverkehr muss verdichtet werden, doppelte, dreifache Nutzung der Autobahn durch Verdichtung tut Not und ist m\u00f6glich.<\/p>\n<\/div>\n<\/div>\n\n\n\n<div style=\"height:23px\" aria-hidden=\"true\" class=\"wp-block-spacer\"><\/div>\n\n\n\n<div class=\"wp-block-group animated fadeIn o-anim-offset-40px has-ti-fg-alt-color has-ti-accent-background-color has-text-color has-background is-layout-constrained wp-container-core-group-is-layout-4b87db4f wp-block-group-is-layout-constrained\" style=\"margin-top:0px;margin-bottom:0px;padding-top:64px;padding-bottom:64px\">\n<div class=\"wp-block-group alignwide is-layout-flow wp-block-group-is-layout-flow\">\n<div class=\"wp-block-columns is-layout-flex wp-container-core-columns-is-layout-13e2ef3f wp-block-columns-is-layout-flex\">\n<div class=\"wp-block-column is-layout-flow wp-container-core-column-is-layout-47e5a185 wp-block-column-is-layout-flow\">\n<p class=\"ticss-85c76219 has-normal-font-size\">3. Durch Erh\u00f6hung der Geschwindigkeit von &#8222;SCL&#8220; auf 120 Std.\/km wird das Frachtvolumen des Frachtverkehrs nochmals verdoppelt.<\/p>\n<\/div>\n\n\n\n<div class=\"wp-block-column is-layout-flow wp-block-column-is-layout-flow\">\n<p>4. Kosten:. Die Personalsorgen der Speditionen LKW Fahrer, und damit die Kosten, auch in der Personal Verwaltung minimieren sich. Die Investition teurer E-LKW entf\u00e4llt.<\/p>\n<\/div>\n<\/div>\n<\/div>\n<\/div>\n\n\n\n<div style=\"height:23px\" aria-hidden=\"true\" class=\"wp-block-spacer\"><\/div>\n\n\n\n<div class=\"wp-block-columns is-layout-flex wp-container-core-columns-is-layout-28f84493 wp-block-columns-is-layout-flex\">\n<div class=\"wp-block-column is-layout-flow wp-block-column-is-layout-flow\">\n<p>5. Verkehrsdurchsagen wegen Staus geh\u00f6ren seit vielen Jahren zu unserem Alltag, wir haben uns daran gew\u00f6hnt. Das muss nicht sein, kann man \u00e4ndern, durch flie\u00dfenden Frachtverkehr auf einer ausgewiesener Spur, unfallfrei und flie\u00dfenden Individual Verkehr auf den \u00fcbrigen Fahrspuren, &#8222;Freude am Fahren&#8220;<\/p>\n<\/div>\n\n\n\n<div class=\"wp-block-column is-layout-flow wp-block-column-is-layout-flow\">\n<p>6 . Durch Verdoppelung-Verdreifachung des automatisierten Frachtverkehrs, ohne teuren E -LKW, ohne LKW-Fahrer, das Sorgenkind der Spedition, Preistreiber der Frachtraten, steigt die Schnelligkeit bei der Frachtzustellung, beliebige Umsatzzuw\u00e4chse sind m\u00f6glich.<\/p>\n<\/div>\n<\/div>\n\n\n\n<div style=\"height:40px\" aria-hidden=\"true\" class=\"wp-block-spacer\"><\/div>\n\n\n\n<figure class=\"wp-block-image alignwide size-large has-custom-border is-style-default\"><img loading=\"lazy\" decoding=\"async\" width=\"2048\" height=\"1152\" src=\"https:\/\/scl-traffic-transform.de\/wp-content\/uploads\/2024\/10\/test-auto-2-edited.png\" alt=\"\" class=\"wp-image-315\" style=\"border-style:none;border-width:0px\" srcset=\"https:\/\/scl-traffic-transform.de\/wp-content\/uploads\/2024\/10\/test-auto-2-edited.png 2048w, https:\/\/scl-traffic-transform.de\/wp-content\/uploads\/2024\/10\/test-auto-2-edited-300x169.png 300w, https:\/\/scl-traffic-transform.de\/wp-content\/uploads\/2024\/10\/test-auto-2-edited-1024x576.png 1024w, https:\/\/scl-traffic-transform.de\/wp-content\/uploads\/2024\/10\/test-auto-2-edited-768x432.png 768w, https:\/\/scl-traffic-transform.de\/wp-content\/uploads\/2024\/10\/test-auto-2-edited-1536x864.png 1536w\" sizes=\"auto, (max-width: 2048px) 100vw, 2048px\" \/><\/figure>\n","protected":false},"excerpt":{"rendered":"<p>Die Speditionen transportieren, zu Lande zu Wasser und in der Luft. Sie lagern. Sie verteilen durch regionale Zulieferer. Sie sollten die gewerblichen Firmen und die Haushalte p\u00fcnktlich mit den notwendigen Dingen und G\u00fctern des t\u00e4glichen Lebens versorgen. Da unsere Verkehrssysteme-Stra\u00dfe-Schiene- \u00fcberlastet sind, k\u00f6nnen die Speditionen diesem Auftrag nicht mehr gerecht werden. Der Verkehr wird in [&hellip;]<\/p>\n","protected":false},"author":1,"featured_media":0,"parent":0,"menu_order":0,"comment_status":"closed","ping_status":"closed","template":"","meta":{"_themeisle_gutenberg_block_has_review":false,"footnotes":""},"class_list":["post-303","page","type-page","status-publish","hentry"],"yoast_head":"<!-- This site is optimized with the Yoast SEO plugin v27.4 - https:\/\/yoast.com\/product\/yoast-seo-wordpress\/ -->\n<title>Spedition - SCL - Traffic Transform<\/title>\n<meta name=\"robots\" content=\"index, follow, max-snippet:-1, max-image-preview:large, max-video-preview:-1\" \/>\n<link rel=\"canonical\" href=\"https:\/\/scl-traffic-transform.de\/de_de\/spedition\/\" \/>\n<meta property=\"og:locale\" content=\"de_DE\" \/>\n<meta property=\"og:type\" content=\"article\" \/>\n<meta property=\"og:title\" content=\"Spedition - SCL - Traffic Transform\" \/>\n<meta property=\"og:description\" content=\"Die Speditionen transportieren, zu Lande zu Wasser und in der Luft. Sie lagern. Sie verteilen durch regionale Zulieferer. Sie sollten die gewerblichen Firmen und die Haushalte p\u00fcnktlich mit den notwendigen Dingen und G\u00fctern des t\u00e4glichen Lebens versorgen. Da unsere Verkehrssysteme-Stra\u00dfe-Schiene- \u00fcberlastet sind, k\u00f6nnen die Speditionen diesem Auftrag nicht mehr gerecht werden. Der Verkehr wird in [&hellip;]\" \/>\n<meta property=\"og:url\" content=\"https:\/\/scl-traffic-transform.de\/de_de\/spedition\/\" \/>\n<meta property=\"og:site_name\" content=\"SCL - Traffic Transform\" \/>\n<meta property=\"article:modified_time\" content=\"2024-11-18T13:01:49+00:00\" \/>\n<meta property=\"og:image\" content=\"https:\/\/scl-traffic-transform.de\/wp-content\/uploads\/2024\/10\/container-3859710_1280-1.jpg\" \/>\n\t<meta property=\"og:image:width\" content=\"1280\" \/>\n\t<meta property=\"og:image:height\" content=\"853\" \/>\n\t<meta property=\"og:image:type\" content=\"image\/jpeg\" \/>\n<meta name=\"twitter:card\" content=\"summary_large_image\" \/>\n<meta name=\"twitter:label1\" content=\"Gesch\u00e4tzte Lesezeit\" \/>\n\t<meta name=\"twitter:data1\" content=\"3\u00a0Minuten\" \/>\n<script type=\"application\/ld+json\" class=\"yoast-schema-graph\">{\"@context\":\"https:\\\/\\\/schema.org\",\"@graph\":[{\"@type\":\"WebPage\",\"@id\":\"https:\\\/\\\/scl-traffic-transform.de\\\/spedition\\\/\",\"url\":\"https:\\\/\\\/scl-traffic-transform.de\\\/spedition\\\/\",\"name\":\"Spedition - SCL - Traffic Transform\",\"isPartOf\":{\"@id\":\"https:\\\/\\\/scl-traffic-transform.de\\\/#website\"},\"primaryImageOfPage\":{\"@id\":\"https:\\\/\\\/scl-traffic-transform.de\\\/spedition\\\/#primaryimage\"},\"image\":{\"@id\":\"https:\\\/\\\/scl-traffic-transform.de\\\/spedition\\\/#primaryimage\"},\"thumbnailUrl\":\"https:\\\/\\\/scl-traffic-transform.de\\\/wp-content\\\/uploads\\\/2024\\\/10\\\/container-3859710_1280-1.jpg\",\"datePublished\":\"2024-10-19T12:53:52+00:00\",\"dateModified\":\"2024-11-18T13:01:49+00:00\",\"breadcrumb\":{\"@id\":\"https:\\\/\\\/scl-traffic-transform.de\\\/spedition\\\/#breadcrumb\"},\"inLanguage\":\"de\",\"potentialAction\":[{\"@type\":\"ReadAction\",\"target\":[\"https:\\\/\\\/scl-traffic-transform.de\\\/spedition\\\/\"]}]},{\"@type\":\"ImageObject\",\"inLanguage\":\"de\",\"@id\":\"https:\\\/\\\/scl-traffic-transform.de\\\/spedition\\\/#primaryimage\",\"url\":\"https:\\\/\\\/scl-traffic-transform.de\\\/wp-content\\\/uploads\\\/2024\\\/10\\\/container-3859710_1280-1.jpg\",\"contentUrl\":\"https:\\\/\\\/scl-traffic-transform.de\\\/wp-content\\\/uploads\\\/2024\\\/10\\\/container-3859710_1280-1.jpg\"},{\"@type\":\"BreadcrumbList\",\"@id\":\"https:\\\/\\\/scl-traffic-transform.de\\\/spedition\\\/#breadcrumb\",\"itemListElement\":[{\"@type\":\"ListItem\",\"position\":1,\"name\":\"Startseite\",\"item\":\"https:\\\/\\\/scl-traffic-transform.de\\\/\"},{\"@type\":\"ListItem\",\"position\":2,\"name\":\"Spedition\"}]},{\"@type\":\"WebSite\",\"@id\":\"https:\\\/\\\/scl-traffic-transform.de\\\/#website\",\"url\":\"https:\\\/\\\/scl-traffic-transform.de\\\/\",\"name\":\"SCL - Traffic Transform\",\"description\":\"Neues nachhaltiges Verkehrssystem\",\"publisher\":{\"@id\":\"https:\\\/\\\/scl-traffic-transform.de\\\/#organization\"},\"potentialAction\":[{\"@type\":\"SearchAction\",\"target\":{\"@type\":\"EntryPoint\",\"urlTemplate\":\"https:\\\/\\\/scl-traffic-transform.de\\\/?s={search_term_string}\"},\"query-input\":{\"@type\":\"PropertyValueSpecification\",\"valueRequired\":true,\"valueName\":\"search_term_string\"}}],\"inLanguage\":\"de\"},{\"@type\":\"Organization\",\"@id\":\"https:\\\/\\\/scl-traffic-transform.de\\\/#organization\",\"name\":\"SCL - Traffic Transform\",\"url\":\"https:\\\/\\\/scl-traffic-transform.de\\\/\",\"logo\":{\"@type\":\"ImageObject\",\"inLanguage\":\"de\",\"@id\":\"https:\\\/\\\/scl-traffic-transform.de\\\/#\\\/schema\\\/logo\\\/image\\\/\",\"url\":\"https:\\\/\\\/scl-traffic-transform.de\\\/wp-content\\\/uploads\\\/2024\\\/05\\\/test6.png\",\"contentUrl\":\"https:\\\/\\\/scl-traffic-transform.de\\\/wp-content\\\/uploads\\\/2024\\\/05\\\/test6.png\",\"width\":1296,\"height\":877,\"caption\":\"SCL - Traffic Transform\"},\"image\":{\"@id\":\"https:\\\/\\\/scl-traffic-transform.de\\\/#\\\/schema\\\/logo\\\/image\\\/\"}}]}<\/script>\n<!-- \/ Yoast SEO plugin. -->","yoast_head_json":{"title":"Spedition - SCL - Traffic Transform","robots":{"index":"index","follow":"follow","max-snippet":"max-snippet:-1","max-image-preview":"max-image-preview:large","max-video-preview":"max-video-preview:-1"},"canonical":"https:\/\/scl-traffic-transform.de\/de_de\/spedition\/","og_locale":"de_DE","og_type":"article","og_title":"Spedition - SCL - Traffic Transform","og_description":"Die Speditionen transportieren, zu Lande zu Wasser und in der Luft. Sie lagern. Sie verteilen durch regionale Zulieferer. Sie sollten die gewerblichen Firmen und die Haushalte p\u00fcnktlich mit den notwendigen Dingen und G\u00fctern des t\u00e4glichen Lebens versorgen. Da unsere Verkehrssysteme-Stra\u00dfe-Schiene- \u00fcberlastet sind, k\u00f6nnen die Speditionen diesem Auftrag nicht mehr gerecht werden. Der Verkehr wird in [&hellip;]","og_url":"https:\/\/scl-traffic-transform.de\/de_de\/spedition\/","og_site_name":"SCL - Traffic Transform","article_modified_time":"2024-11-18T13:01:49+00:00","og_image":[{"width":1280,"height":853,"url":"https:\/\/scl-traffic-transform.de\/wp-content\/uploads\/2024\/10\/container-3859710_1280-1.jpg","type":"image\/jpeg"}],"twitter_card":"summary_large_image","twitter_misc":{"Gesch\u00e4tzte Lesezeit":"3\u00a0Minuten"},"schema":{"@context":"https:\/\/schema.org","@graph":[{"@type":"WebPage","@id":"https:\/\/scl-traffic-transform.de\/spedition\/","url":"https:\/\/scl-traffic-transform.de\/spedition\/","name":"Spedition - SCL - Traffic Transform","isPartOf":{"@id":"https:\/\/scl-traffic-transform.de\/#website"},"primaryImageOfPage":{"@id":"https:\/\/scl-traffic-transform.de\/spedition\/#primaryimage"},"image":{"@id":"https:\/\/scl-traffic-transform.de\/spedition\/#primaryimage"},"thumbnailUrl":"https:\/\/scl-traffic-transform.de\/wp-content\/uploads\/2024\/10\/container-3859710_1280-1.jpg","datePublished":"2024-10-19T12:53:52+00:00","dateModified":"2024-11-18T13:01:49+00:00","breadcrumb":{"@id":"https:\/\/scl-traffic-transform.de\/spedition\/#breadcrumb"},"inLanguage":"de","potentialAction":[{"@type":"ReadAction","target":["https:\/\/scl-traffic-transform.de\/spedition\/"]}]},{"@type":"ImageObject","inLanguage":"de","@id":"https:\/\/scl-traffic-transform.de\/spedition\/#primaryimage","url":"https:\/\/scl-traffic-transform.de\/wp-content\/uploads\/2024\/10\/container-3859710_1280-1.jpg","contentUrl":"https:\/\/scl-traffic-transform.de\/wp-content\/uploads\/2024\/10\/container-3859710_1280-1.jpg"},{"@type":"BreadcrumbList","@id":"https:\/\/scl-traffic-transform.de\/spedition\/#breadcrumb","itemListElement":[{"@type":"ListItem","position":1,"name":"Startseite","item":"https:\/\/scl-traffic-transform.de\/"},{"@type":"ListItem","position":2,"name":"Spedition"}]},{"@type":"WebSite","@id":"https:\/\/scl-traffic-transform.de\/#website","url":"https:\/\/scl-traffic-transform.de\/","name":"SCL - Traffic Transform","description":"Neues nachhaltiges Verkehrssystem","publisher":{"@id":"https:\/\/scl-traffic-transform.de\/#organization"},"potentialAction":[{"@type":"SearchAction","target":{"@type":"EntryPoint","urlTemplate":"https:\/\/scl-traffic-transform.de\/?s={search_term_string}"},"query-input":{"@type":"PropertyValueSpecification","valueRequired":true,"valueName":"search_term_string"}}],"inLanguage":"de"},{"@type":"Organization","@id":"https:\/\/scl-traffic-transform.de\/#organization","name":"SCL - Traffic Transform","url":"https:\/\/scl-traffic-transform.de\/","logo":{"@type":"ImageObject","inLanguage":"de","@id":"https:\/\/scl-traffic-transform.de\/#\/schema\/logo\/image\/","url":"https:\/\/scl-traffic-transform.de\/wp-content\/uploads\/2024\/05\/test6.png","contentUrl":"https:\/\/scl-traffic-transform.de\/wp-content\/uploads\/2024\/05\/test6.png","width":1296,"height":877,"caption":"SCL - Traffic Transform"},"image":{"@id":"https:\/\/scl-traffic-transform.de\/#\/schema\/logo\/image\/"}}]}},"_links":{"self":[{"href":"https:\/\/scl-traffic-transform.de\/de_de\/wp-json\/wp\/v2\/pages\/303","targetHints":{"allow":["GET"]}}],"collection":[{"href":"https:\/\/scl-traffic-transform.de\/de_de\/wp-json\/wp\/v2\/pages"}],"about":[{"href":"https:\/\/scl-traffic-transform.de\/de_de\/wp-json\/wp\/v2\/types\/page"}],"author":[{"embeddable":true,"href":"https:\/\/scl-traffic-transform.de\/de_de\/wp-json\/wp\/v2\/users\/1"}],"replies":[{"embeddable":true,"href":"https:\/\/scl-traffic-transform.de\/de_de\/wp-json\/wp\/v2\/comments?post=303"}],"version-history":[{"count":9,"href":"https:\/\/scl-traffic-transform.de\/de_de\/wp-json\/wp\/v2\/pages\/303\/revisions"}],"predecessor-version":[{"id":394,"href":"https:\/\/scl-traffic-transform.de\/de_de\/wp-json\/wp\/v2\/pages\/303\/revisions\/394"}],"wp:attachment":[{"href":"https:\/\/scl-traffic-transform.de\/de_de\/wp-json\/wp\/v2\/media?parent=303"}],"curies":[{"name":"wp","href":"https:\/\/api.w.org\/{rel}","templated":true}]}}