{"id":21,"date":"2024-05-10T18:00:11","date_gmt":"2024-05-10T18:00:11","guid":{"rendered":"https:\/\/scl-traffic-transform.de\/?page_id=21"},"modified":"2024-10-25T11:54:09","modified_gmt":"2024-10-25T11:54:09","slug":"umsetzung","status":"publish","type":"page","link":"https:\/\/scl-traffic-transform.de\/de_de\/umsetzung\/","title":{"rendered":""},"content":{"rendered":"\n<div class=\"wp-block-cover alignfull has-parallax wp-duotone-unset-1\" style=\"padding-top:24px;padding-right:24px;padding-bottom:24px;padding-left:24px;min-height:567px;aspect-ratio:unset;\"><span aria-hidden=\"true\" class=\"wp-block-cover__background has-ti-bg-inv-background-color has-background-dim-40 has-background-dim\"><\/span><div class=\"wp-block-cover__image-background wp-image-166 has-parallax\" style=\"background-position:50% 50%;background-image:url(https:\/\/scl-traffic-transform.de\/wp-content\/uploads\/2024\/05\/sunrise-7674594_1920.jpg)\"><\/div><div class=\"wp-block-cover__inner-container is-layout-flow wp-block-cover-is-layout-flow\">\n<div class=\"wp-block-group is-layout-constrained wp-block-group-is-layout-constrained\">\n<h1 class=\"wp-block-heading alignwide has-text-align-center\">UMWELT<\/h1>\n\n\n\n<p class=\"has-text-align-center has-medium-font-size\"><strong>SCL ist die Zukunft<\/strong><\/p>\n<\/div>\n<\/div><\/div>\n\n\n\n<div class=\"wp-block-group alignfull animated fadeIn o-anim-offset-40px has-ti-fg-alt-color has-ti-accent-background-color has-text-color has-background is-layout-constrained wp-container-core-group-is-layout-4b87db4f wp-block-group-is-layout-constrained\" style=\"margin-top:0px;margin-bottom:0px;padding-top:64px;padding-bottom:64px\">\n<div class=\"wp-block-group alignwide is-layout-flow wp-block-group-is-layout-flow\">\n<div class=\"wp-block-columns is-layout-flex wp-container-core-columns-is-layout-13e2ef3f wp-block-columns-is-layout-flex\">\n<div class=\"wp-block-column is-layout-flow wp-container-core-column-is-layout-47e5a185 wp-block-column-is-layout-flow\">\n<p class=\"ticss-85c76219 has-medium-font-size\">SCL bringt uns mit Riesenschritten unseren selbst gesteckten Klimazielen n\u00e4her, denn je nachdem wie viele km Strecke von SCL ausgebaut ist, wird in Deutschland\/Europa 5-10&nbsp;% weniger CO\u2082 emittiert, je mehr Verkehrsteilnehmer SCL nutzen, desto mehr CO\u2082&nbsp; Aussto\u00df wird vermieden. Die Klimaziele von Paris sind doch noch erreichbar.<\/p>\n<\/div>\n<\/div>\n<\/div>\n<\/div>\n\n\n\n<div class=\"wp-block-group is-layout-constrained wp-block-group-is-layout-constrained\">\n<div class=\"wp-block-group alignfull animated fadeIn slow delay-500ms has-ti-bg-alt-background-color has-background is-layout-constrained wp-container-core-group-is-layout-a8cabacf wp-block-group-is-layout-constrained\" style=\"margin-top:0px;margin-bottom:0px;padding-top:64px;padding-right:24px;padding-bottom:64px;padding-left:24px\">\n<div class=\"wp-block-columns alignwide is-layout-flex wp-container-core-columns-is-layout-6127943d wp-block-columns-is-layout-flex\">\n<div class=\"wp-block-column animated fadeIn slow delay-500ms is-layout-flow wp-block-column-is-layout-flow\" style=\"padding-top:0px;padding-right:0px;padding-bottom:0px;padding-left:0px\">\n<div class=\"wp-block-group is-content-justification-left is-layout-constrained wp-container-core-group-is-layout-c659f4f1 wp-block-group-is-layout-constrained\" style=\"padding-top:0;padding-right:0;padding-bottom:0;padding-left:0\">\n<div class=\"wp-block-group has-ti-accent-background-color has-background is-content-justification-left is-layout-constrained wp-container-core-group-is-layout-781a648b wp-block-group-is-layout-constrained\" style=\"border-radius:100px;padding-top:16px;padding-right:16px;padding-bottom:16px;padding-left:16px\">\n<figure class=\"wp-block-image size-full wp-duotone-rgb255255255-ccc-2\"><img loading=\"lazy\" decoding=\"async\" width=\"800\" height=\"800\" src=\"https:\/\/scl-traffic-transform.de\/wp-content\/uploads\/2024\/05\/auto-svgrepo-com.svg\" alt=\"\" class=\"wp-image-45\"\/><\/figure>\n<\/div>\n<\/div>\n\n\n\n<h3 class=\"wp-block-heading has-text-align-left has-medium-font-size\">SCL l\u00f6st Staus auf<\/h3>\n\n\n\n<p class=\"has-text-align-left\">SCL verdichtet den Verkehr im Verh\u00e4ltnis 1 zu 3. Das hei\u00dft 1 Spur SCL ersetzt 3 Autobahnspuren, kein neuer Autobahnbau ist notwendig. Der Mensch verursacht Staus. Er bremst, beschleunigt, f\u00e4hrt nach links, rechts. SCL automatisiert und verdichtet den Verkehrsfluss.<\/p>\n<\/div>\n\n\n\n<div class=\"wp-block-column animated fadeIn slow delay-500ms is-layout-flow wp-block-column-is-layout-flow\" style=\"padding-top:0px;padding-right:0px;padding-bottom:0px;padding-left:0px\">\n<div class=\"wp-block-group is-content-justification-left is-layout-constrained wp-container-core-group-is-layout-c659f4f1 wp-block-group-is-layout-constrained\" style=\"padding-top:0;padding-right:0;padding-bottom:0;padding-left:0\">\n<div class=\"wp-block-group has-ti-accent-background-color has-background is-content-justification-left is-layout-constrained wp-container-core-group-is-layout-781a648b wp-block-group-is-layout-constrained\" style=\"border-radius:100px;padding-top:16px;padding-right:16px;padding-bottom:16px;padding-left:16px\">\n<figure class=\"wp-block-image size-full is-resized\"><img loading=\"lazy\" decoding=\"async\" width=\"535\" height=\"259\" src=\"https:\/\/scl-traffic-transform.de\/wp-content\/uploads\/2024\/05\/image.png\" alt=\"\" class=\"wp-image-247\" style=\"width:56px;height:auto\" srcset=\"https:\/\/scl-traffic-transform.de\/wp-content\/uploads\/2024\/05\/image.png 535w, https:\/\/scl-traffic-transform.de\/wp-content\/uploads\/2024\/05\/image-300x145.png 300w\" sizes=\"auto, (max-width: 535px) 100vw, 535px\" \/><\/figure>\n<\/div>\n<\/div>\n\n\n\n<h3 class=\"wp-block-heading has-text-align-left has-medium-font-size\">SCL vereinfacht den G\u00fctertransport<\/h3>\n\n\n\n<p class=\"has-text-align-left\">SCL muss keine schwere Lok und G\u00fcterwaggons mitschleppen. \u00dcberfl\u00fcssiges Gewicht. Die aufsitzende Fracht auf SCL wird vom Band gezogen. Gewichtsersparnis ca. 90&nbsp;%. Energieverbrauch minus 90&nbsp;% versus G\u00fcterzug. Soviel zu der immerw\u00e4hrenden Geschichte, die Bahn sei das umweltfreundlichste Transportmittel, das ist ab jetzt Geschichte.<\/p>\n<\/div>\n<\/div>\n<\/div>\n\n\n\n<figure class=\"wp-block-image alignwide size-full\"><img loading=\"lazy\" decoding=\"async\" width=\"612\" height=\"408\" src=\"https:\/\/scl-traffic-transform.de\/wp-content\/uploads\/2024\/10\/istockphoto-525717367-612x612-1.jpg\" alt=\"\" class=\"wp-image-359\" srcset=\"https:\/\/scl-traffic-transform.de\/wp-content\/uploads\/2024\/10\/istockphoto-525717367-612x612-1.jpg 612w, https:\/\/scl-traffic-transform.de\/wp-content\/uploads\/2024\/10\/istockphoto-525717367-612x612-1-300x200.jpg 300w\" sizes=\"auto, (max-width: 612px) 100vw, 612px\" \/><figcaption class=\"wp-element-caption\">Heavy drilling machine on track chains<\/figcaption><\/figure>\n\n\n\n<h3 class=\"wp-block-heading has-medium-font-size\">Tunnelbohrungen<\/h3>\n\n\n\n<div style=\"height:19px\" aria-hidden=\"true\" class=\"wp-block-spacer\"><\/div>\n\n\n\n<p>Wichtig f\u00fcr die Alpenl\u00e4nder, Schweiz, \u00d6sterreich, Italien, Frankreich. Da der Verkehr auf SCL verdichtet wird, Sto\u00dfstange an Sto\u00dfstange, kein Sicherheitsabstand notwendig, kann eine Std. Kapazit\u00e4t von ca. 3000 Frachteinheiten durch den Tunnel fahren. Am Tag ca. 72 000 Frachteinheiten auf nur 1 Spur. Bisher beansprucht der Verkehr im Tunnel 2 Fahrspuren, Schiene und Stra\u00dfe.&nbsp; Keine Tunnelbohrungen mehr f\u00fcr alle Zeiten.&nbsp;&nbsp;Schonung der Natur!<strong><br><\/strong><\/p>\n\n\n\n<div style=\"height:42px\" aria-hidden=\"true\" class=\"wp-block-spacer\"><\/div>\n<\/div>\n\n\n\n<div class=\"wp-block-cover alignwide has-parallax\" style=\"min-height:350px;aspect-ratio:unset;\"><span aria-hidden=\"true\" class=\"wp-block-cover__background has-background-dim\" style=\"background-color:#737a8d\"><\/span><div class=\"wp-block-cover__image-background wp-image-248 has-parallax\" style=\"background-position:50% 50%;background-image:url(https:\/\/scl-traffic-transform.de\/wp-content\/uploads\/2024\/05\/freight-train-363436_1920.jpg)\"><\/div><div class=\"wp-block-cover__inner-container is-layout-constrained wp-block-cover-is-layout-constrained\">\n<h2 class=\"wp-block-heading has-text-align-center\" id=\"streckenplanung\" style=\"font-size:clamp(36.08px, 2.255rem + ((1vw - 3.2px) * 3.649), 66px);\">Streckenplanung<\/h2>\n<\/div><\/div>\n\n\n\n<div style=\"height:53px\" aria-hidden=\"true\" class=\"wp-block-spacer\"><\/div>\n\n\n\n<div class=\"wp-block-group is-layout-constrained wp-block-group-is-layout-constrained\">\n<figure class=\"wp-block-image size-full is-resized\" id=\"wp-block-themeisle-blocks-image-c70989e7\"><img loading=\"lazy\" decoding=\"async\" width=\"800\" height=\"571\" src=\"https:\/\/scl-traffic-transform.de\/wp-content\/uploads\/2024\/05\/International_E_Road_Network_green-1.png\" alt=\"\" class=\"wp-image-249\" style=\"width:696px;height:auto\" srcset=\"https:\/\/scl-traffic-transform.de\/wp-content\/uploads\/2024\/05\/International_E_Road_Network_green-1.png 800w, https:\/\/scl-traffic-transform.de\/wp-content\/uploads\/2024\/05\/International_E_Road_Network_green-1-300x214.png 300w, https:\/\/scl-traffic-transform.de\/wp-content\/uploads\/2024\/05\/International_E_Road_Network_green-1-768x548.png 768w\" sizes=\"auto, (max-width: 800px) 100vw, 800px\" \/><\/figure>\n<\/div>\n\n\n\n<p>SCL vernetzt ganz Europa. SCL f\u00e4hrt vollautomatisch, verursacht keine Unf\u00e4lle oder Staus. Das Individuum Mensch schon. Obst und Gem\u00fcse aus S\u00fcdeuropa braucht keine Nachtruhe, ist deshalb mehr als doppelt so schnell in&nbsp;Mitteleuropa.<\/p>\n\n\n\n<div style=\"height:45px\" aria-hidden=\"true\" class=\"wp-block-spacer\"><\/div>\n\n\n\n<div class=\"wp-block-group alignfull animated fadeIn o-anim-offset-40px has-ti-fg-alt-color has-ti-accent-background-color has-text-color has-background is-layout-constrained wp-container-core-group-is-layout-4b87db4f wp-block-group-is-layout-constrained\" style=\"margin-top:0px;margin-bottom:0px;padding-top:64px;padding-bottom:64px\">\n<div class=\"wp-block-group alignwide is-layout-flow wp-block-group-is-layout-flow\">\n<div class=\"wp-block-columns is-layout-flex wp-container-core-columns-is-layout-13e2ef3f wp-block-columns-is-layout-flex\">\n<div class=\"wp-block-column is-layout-flow wp-container-core-column-is-layout-47e5a185 wp-block-column-is-layout-flow\">\n<p>Auch unsere Stra\u00dfen sind \u00fcberlastet, Landstra\u00dfen wie Autobahnen. Jeder von uns kennt die uns\u00e4glichen Staus vor allen Dingen auf der Autobahn. Es kann doch aber nicht die L\u00f6sung sein, immer neue Autobahnen zu bauen, immer weiter Natur zu zerst\u00f6ren, die Artenvielfalt ist schon dramatisch eingebrochen, aber wir machen immer weiter mit dem Autobahnbau, als w\u00e4re alles in Ordnung. Wie hinterlassen wir unsere Welt unseren Kindern und Enkeln?<\/p>\n<\/div>\n<\/div>\n<\/div>\n<\/div>\n","protected":false},"excerpt":{"rendered":"<p>SCL bringt uns mit Riesenschritten unseren selbst gesteckten Klimazielen n\u00e4her, denn je nachdem wie viele km Strecke von SCL ausgebaut ist, wird in Deutschland\/Europa 5-10&nbsp;% weniger CO\u2082 emittiert, je mehr Verkehrsteilnehmer SCL nutzen, desto mehr CO\u2082&nbsp; Aussto\u00df wird vermieden. Die Klimaziele von Paris sind doch noch erreichbar. SCL l\u00f6st Staus auf SCL verdichtet den Verkehr [&hellip;]<\/p>\n","protected":false},"author":1,"featured_media":0,"parent":0,"menu_order":0,"comment_status":"closed","ping_status":"closed","template":"","meta":{"_themeisle_gutenberg_block_has_review":false,"footnotes":""},"class_list":["post-21","page","type-page","status-publish","hentry"],"yoast_head":"<!-- This site is optimized with the Yoast SEO plugin v27.4 - https:\/\/yoast.com\/product\/yoast-seo-wordpress\/ -->\n<title>- SCL - Traffic Transform<\/title>\n<meta name=\"robots\" content=\"index, follow, max-snippet:-1, max-image-preview:large, max-video-preview:-1\" \/>\n<link rel=\"canonical\" href=\"https:\/\/scl-traffic-transform.de\/de_de\/umsetzung\/\" \/>\n<meta property=\"og:locale\" content=\"de_DE\" \/>\n<meta property=\"og:type\" content=\"article\" \/>\n<meta property=\"og:title\" content=\"- SCL - Traffic Transform\" \/>\n<meta property=\"og:description\" content=\"SCL bringt uns mit Riesenschritten unseren selbst gesteckten Klimazielen n\u00e4her, denn je nachdem wie viele km Strecke von SCL ausgebaut ist, wird in Deutschland\/Europa 5-10&nbsp;% weniger CO\u2082 emittiert, je mehr Verkehrsteilnehmer SCL nutzen, desto mehr CO\u2082&nbsp; Aussto\u00df wird vermieden. Die Klimaziele von Paris sind doch noch erreichbar. SCL l\u00f6st Staus auf SCL verdichtet den Verkehr [&hellip;]\" \/>\n<meta property=\"og:url\" content=\"https:\/\/scl-traffic-transform.de\/de_de\/umsetzung\/\" \/>\n<meta property=\"og:site_name\" content=\"SCL - Traffic Transform\" \/>\n<meta property=\"article:modified_time\" content=\"2024-10-25T11:54:09+00:00\" \/>\n<meta name=\"twitter:card\" content=\"summary_large_image\" \/>\n<meta name=\"twitter:label1\" content=\"Gesch\u00e4tzte Lesezeit\" \/>\n\t<meta name=\"twitter:data1\" content=\"3\u00a0Minuten\" \/>\n<script type=\"application\/ld+json\" class=\"yoast-schema-graph\">{\"@context\":\"https:\\\/\\\/schema.org\",\"@graph\":[{\"@type\":\"WebPage\",\"@id\":\"https:\\\/\\\/scl-traffic-transform.de\\\/umsetzung\\\/\",\"url\":\"https:\\\/\\\/scl-traffic-transform.de\\\/umsetzung\\\/\",\"name\":\"- SCL - Traffic Transform\",\"isPartOf\":{\"@id\":\"https:\\\/\\\/scl-traffic-transform.de\\\/#website\"},\"primaryImageOfPage\":{\"@id\":\"https:\\\/\\\/scl-traffic-transform.de\\\/umsetzung\\\/#primaryimage\"},\"image\":{\"@id\":\"https:\\\/\\\/scl-traffic-transform.de\\\/umsetzung\\\/#primaryimage\"},\"thumbnailUrl\":\"https:\\\/\\\/scl-traffic-transform.de\\\/wp-content\\\/uploads\\\/2024\\\/05\\\/auto-svgrepo-com.svg\",\"datePublished\":\"2024-05-10T18:00:11+00:00\",\"dateModified\":\"2024-10-25T11:54:09+00:00\",\"inLanguage\":\"de\",\"potentialAction\":[{\"@type\":\"ReadAction\",\"target\":[\"https:\\\/\\\/scl-traffic-transform.de\\\/umsetzung\\\/\"]}]},{\"@type\":\"ImageObject\",\"inLanguage\":\"de\",\"@id\":\"https:\\\/\\\/scl-traffic-transform.de\\\/umsetzung\\\/#primaryimage\",\"url\":\"https:\\\/\\\/scl-traffic-transform.de\\\/wp-content\\\/uploads\\\/2024\\\/05\\\/auto-svgrepo-com.svg\",\"contentUrl\":\"https:\\\/\\\/scl-traffic-transform.de\\\/wp-content\\\/uploads\\\/2024\\\/05\\\/auto-svgrepo-com.svg\"},{\"@type\":\"WebSite\",\"@id\":\"https:\\\/\\\/scl-traffic-transform.de\\\/#website\",\"url\":\"https:\\\/\\\/scl-traffic-transform.de\\\/\",\"name\":\"SCL - Traffic Transform\",\"description\":\"Neues nachhaltiges Verkehrssystem\",\"publisher\":{\"@id\":\"https:\\\/\\\/scl-traffic-transform.de\\\/#organization\"},\"potentialAction\":[{\"@type\":\"SearchAction\",\"target\":{\"@type\":\"EntryPoint\",\"urlTemplate\":\"https:\\\/\\\/scl-traffic-transform.de\\\/?s={search_term_string}\"},\"query-input\":{\"@type\":\"PropertyValueSpecification\",\"valueRequired\":true,\"valueName\":\"search_term_string\"}}],\"inLanguage\":\"de\"},{\"@type\":\"Organization\",\"@id\":\"https:\\\/\\\/scl-traffic-transform.de\\\/#organization\",\"name\":\"SCL - Traffic Transform\",\"url\":\"https:\\\/\\\/scl-traffic-transform.de\\\/\",\"logo\":{\"@type\":\"ImageObject\",\"inLanguage\":\"de\",\"@id\":\"https:\\\/\\\/scl-traffic-transform.de\\\/#\\\/schema\\\/logo\\\/image\\\/\",\"url\":\"https:\\\/\\\/scl-traffic-transform.de\\\/wp-content\\\/uploads\\\/2024\\\/05\\\/test6.png\",\"contentUrl\":\"https:\\\/\\\/scl-traffic-transform.de\\\/wp-content\\\/uploads\\\/2024\\\/05\\\/test6.png\",\"width\":1296,\"height\":877,\"caption\":\"SCL - Traffic Transform\"},\"image\":{\"@id\":\"https:\\\/\\\/scl-traffic-transform.de\\\/#\\\/schema\\\/logo\\\/image\\\/\"}}]}<\/script>\n<!-- \/ Yoast SEO plugin. -->","yoast_head_json":{"title":"- SCL - Traffic Transform","robots":{"index":"index","follow":"follow","max-snippet":"max-snippet:-1","max-image-preview":"max-image-preview:large","max-video-preview":"max-video-preview:-1"},"canonical":"https:\/\/scl-traffic-transform.de\/de_de\/umsetzung\/","og_locale":"de_DE","og_type":"article","og_title":"- SCL - Traffic Transform","og_description":"SCL bringt uns mit Riesenschritten unseren selbst gesteckten Klimazielen n\u00e4her, denn je nachdem wie viele km Strecke von SCL ausgebaut ist, wird in Deutschland\/Europa 5-10&nbsp;% weniger CO\u2082 emittiert, je mehr Verkehrsteilnehmer SCL nutzen, desto mehr CO\u2082&nbsp; Aussto\u00df wird vermieden. Die Klimaziele von Paris sind doch noch erreichbar. SCL l\u00f6st Staus auf SCL verdichtet den Verkehr [&hellip;]","og_url":"https:\/\/scl-traffic-transform.de\/de_de\/umsetzung\/","og_site_name":"SCL - Traffic Transform","article_modified_time":"2024-10-25T11:54:09+00:00","twitter_card":"summary_large_image","twitter_misc":{"Gesch\u00e4tzte Lesezeit":"3\u00a0Minuten"},"schema":{"@context":"https:\/\/schema.org","@graph":[{"@type":"WebPage","@id":"https:\/\/scl-traffic-transform.de\/umsetzung\/","url":"https:\/\/scl-traffic-transform.de\/umsetzung\/","name":"- SCL - Traffic Transform","isPartOf":{"@id":"https:\/\/scl-traffic-transform.de\/#website"},"primaryImageOfPage":{"@id":"https:\/\/scl-traffic-transform.de\/umsetzung\/#primaryimage"},"image":{"@id":"https:\/\/scl-traffic-transform.de\/umsetzung\/#primaryimage"},"thumbnailUrl":"https:\/\/scl-traffic-transform.de\/wp-content\/uploads\/2024\/05\/auto-svgrepo-com.svg","datePublished":"2024-05-10T18:00:11+00:00","dateModified":"2024-10-25T11:54:09+00:00","inLanguage":"de","potentialAction":[{"@type":"ReadAction","target":["https:\/\/scl-traffic-transform.de\/umsetzung\/"]}]},{"@type":"ImageObject","inLanguage":"de","@id":"https:\/\/scl-traffic-transform.de\/umsetzung\/#primaryimage","url":"https:\/\/scl-traffic-transform.de\/wp-content\/uploads\/2024\/05\/auto-svgrepo-com.svg","contentUrl":"https:\/\/scl-traffic-transform.de\/wp-content\/uploads\/2024\/05\/auto-svgrepo-com.svg"},{"@type":"WebSite","@id":"https:\/\/scl-traffic-transform.de\/#website","url":"https:\/\/scl-traffic-transform.de\/","name":"SCL - Traffic Transform","description":"Neues nachhaltiges Verkehrssystem","publisher":{"@id":"https:\/\/scl-traffic-transform.de\/#organization"},"potentialAction":[{"@type":"SearchAction","target":{"@type":"EntryPoint","urlTemplate":"https:\/\/scl-traffic-transform.de\/?s={search_term_string}"},"query-input":{"@type":"PropertyValueSpecification","valueRequired":true,"valueName":"search_term_string"}}],"inLanguage":"de"},{"@type":"Organization","@id":"https:\/\/scl-traffic-transform.de\/#organization","name":"SCL - Traffic Transform","url":"https:\/\/scl-traffic-transform.de\/","logo":{"@type":"ImageObject","inLanguage":"de","@id":"https:\/\/scl-traffic-transform.de\/#\/schema\/logo\/image\/","url":"https:\/\/scl-traffic-transform.de\/wp-content\/uploads\/2024\/05\/test6.png","contentUrl":"https:\/\/scl-traffic-transform.de\/wp-content\/uploads\/2024\/05\/test6.png","width":1296,"height":877,"caption":"SCL - Traffic Transform"},"image":{"@id":"https:\/\/scl-traffic-transform.de\/#\/schema\/logo\/image\/"}}]}},"_links":{"self":[{"href":"https:\/\/scl-traffic-transform.de\/de_de\/wp-json\/wp\/v2\/pages\/21","targetHints":{"allow":["GET"]}}],"collection":[{"href":"https:\/\/scl-traffic-transform.de\/de_de\/wp-json\/wp\/v2\/pages"}],"about":[{"href":"https:\/\/scl-traffic-transform.de\/de_de\/wp-json\/wp\/v2\/types\/page"}],"author":[{"embeddable":true,"href":"https:\/\/scl-traffic-transform.de\/de_de\/wp-json\/wp\/v2\/users\/1"}],"replies":[{"embeddable":true,"href":"https:\/\/scl-traffic-transform.de\/de_de\/wp-json\/wp\/v2\/comments?post=21"}],"version-history":[{"count":23,"href":"https:\/\/scl-traffic-transform.de\/de_de\/wp-json\/wp\/v2\/pages\/21\/revisions"}],"predecessor-version":[{"id":360,"href":"https:\/\/scl-traffic-transform.de\/de_de\/wp-json\/wp\/v2\/pages\/21\/revisions\/360"}],"wp:attachment":[{"href":"https:\/\/scl-traffic-transform.de\/de_de\/wp-json\/wp\/v2\/media?parent=21"}],"curies":[{"name":"wp","href":"https:\/\/api.w.org\/{rel}","templated":true}]}}